{"id":8,"date":"2015-10-06T08:14:26","date_gmt":"2015-10-06T06:14:26","guid":{"rendered":"http:\/\/peritusidea.com.pl\/?page_id=8"},"modified":"2024-08-24T15:43:09","modified_gmt":"2024-08-24T13:43:09","slug":"oferta","status":"publish","type":"page","link":"https:\/\/peritusidea.com.pl\/?page_id=8","title":{"rendered":"OFERTA"},"content":{"rendered":"\n<p style=\"font-size:16px\">Firma Peritus posiada bogate do\u015bwiadczenie w pozyskiwaniu \u015brodk\u00f3w zewn\u0119trznych (m.in. z program\u00f3w regionalnych, og\u00f3lnopolskich, krajowych, europejskich). Oferujemy profesjonaln\u0105 obs\u0142ug\u0119 w zakresie funduszy dla Jednostek Samorz\u0105du Terytorialnego, Organizacji non-profit, przedsi\u0119biorc\u00f3w.<\/p>\n\n\n\n<p style=\"font-size:16px\">Prowadzimy szkolenia w tematyce szeroko rozumianego rozwoju osobistego. Realizujemy doradztwo zawodowe, psychospo\u0142eczne, psychologiczne, prawno-obywatelskie, ekonomiczne, coaching.<\/p>\n\n\n\n<p style=\"font-size:16px\">\u015awiadczymy us\u0142ugi w zakresie sporz\u0105dzania plan\u00f3w oraz strategii rozwojowych zar\u00f3wno na potrzeby samorz\u0105d\u00f3w jak i podmiot\u00f3w gospodarczych. Pomagamy naszym Klientom okre\u015bli\u0107 cele strategiczne oraz sposoby ich realizacji, pozwalaj\u0105ce na sp\u00f3jne realizowanie bie\u017c\u0105cych zada\u0144 oraz d\u0142ugofalowy rozw\u00f3j.<\/p>\n","protected":false},"excerpt":{"rendered":"<p>Firma Peritus posiada bogate do\u015bwiadczenie w pozyskiwaniu \u015brodk\u00f3w zewn\u0119trznych (m.in. z program\u00f3w regionalnych, og\u00f3lnopolskich, krajowych, europejskich). Oferujemy profesjonaln\u0105 obs\u0142ug\u0119 w zakresie funduszy dla Jednostek Samorz\u0105du Terytorialnego, Organizacji non-profit, przedsi\u0119biorc\u00f3w. Prowadzimy szkolenia w<a class=\"moretag\" href=\"https:\/\/peritusidea.com.pl\/?page_id=8\">Read More&#8230;<\/a><\/p>\n","protected":false},"author":1,"featured_media":0,"parent":0,"menu_order":2,"comment_status":"closed","ping_status":"closed","template":"","meta":{"footnotes":""},"class_list":["post-8","page","type-page","status-publish","hentry"],"_links":{"self":[{"href":"https:\/\/peritusidea.com.pl\/index.php?rest_route=\/wp\/v2\/pages\/8"}],"collection":[{"href":"https:\/\/peritusidea.com.pl\/index.php?rest_route=\/wp\/v2\/pages"}],"about":[{"href":"https:\/\/peritusidea.com.pl\/index.php?rest_route=\/wp\/v2\/types\/page"}],"author":[{"embeddable":true,"href":"https:\/\/peritusidea.com.pl\/index.php?rest_route=\/wp\/v2\/users\/1"}],"replies":[{"embeddable":true,"href":"https:\/\/peritusidea.com.pl\/index.php?rest_route=%2Fwp%2Fv2%2Fcomments&post=8"}],"version-history":[{"count":4,"href":"https:\/\/peritusidea.com.pl\/index.php?rest_route=\/wp\/v2\/pages\/8\/revisions"}],"predecessor-version":[{"id":724,"href":"https:\/\/peritusidea.com.pl\/index.php?rest_route=\/wp\/v2\/pages\/8\/revisions\/724"}],"wp:attachment":[{"href":"https:\/\/peritusidea.com.pl\/index.php?rest_route=%2Fwp%2Fv2%2Fmedia&parent=8"}],"curies":[{"name":"wp","href":"https:\/\/api.w.org\/{rel}","templated":true}]}}