{"id":717,"date":"2024-08-24T15:28:42","date_gmt":"2024-08-24T13:28:42","guid":{"rendered":"http:\/\/peritusidea.com.pl\/?page_id=717"},"modified":"2024-08-24T15:40:20","modified_gmt":"2024-08-24T13:40:20","slug":"o-nas","status":"publish","type":"page","link":"https:\/\/peritusidea.com.pl\/?page_id=717","title":{"rendered":"O NAS"},"content":{"rendered":"\n<p style=\"font-size:16px\">O NAS<\/p>\n\n\n\n<p style=\"font-size:16px\">Prowadzimy szeroko poj\u0119t\u0105 dzia\u0142alno\u015b\u0107 szkoleniowo \u2013 doradcz\u0105. Wsp\u00f3\u0142pracujemy z profesjonalnym zespo\u0142em trener\u00f3w i doradc\u00f3w wierz\u0105cych w proaktywne rozwi\u0105zania i stawiaj\u0105cych na ich wykorzystanie na ka\u017cdym etapie pracy, tym samym mo\u017cemy zaoferowa\u0107 szeroki zakres us\u0142ug na najwy\u017cszym poziomie.<\/p>\n\n\n\n<p style=\"font-size:16px\">\u015awiadczymy us\u0142ugi aktywnej integracji o charakterze spo\u0142ecznym, takie jak:<\/p>\n\n\n\n<p style=\"font-size:16px\">\u2013 poradnictwo specjalistyczne (m.in. socjoterapia, psychologiczne, prawne, mediacje), kt\u00f3rego celem jest m.in. udzielanie informacji o prawach i uprawnieniach, przywracanie lub wzmocnienie kompetencji spo\u0142ecznych, zaradno\u015bci, samodzielno\u015bci i aktywno\u015bci spo\u0142ecznej; \u2013 poradnictwo i wsparcie indywidualne i grupowe w zakresie podniesienia kompetencji \u017cyciowych i umiej\u0119tno\u015bci spo\u0142eczno-zawodowych umo\u017cliwiaj\u0105ce docelowo powr\u00f3t do \u017cycia spo\u0142ecznego, w tym powr\u00f3t na rynek pracy i aktywizacj\u0119 zawodow\u0105 (m.in. warsztaty rozwoju osobistego, indywidualny coaching, warsztaty kompetencji pedagogiczno-wychowawczych, trening umiej\u0119tno\u015bci spo\u0142ecznych, praca metod\u0105 mentoringu);<\/p>\n\n\n\n<p style=\"font-size:16px\">\u015awiadczymy us\u0142ugi aktywnej integracji o charakterze zawodowym, takie jak:<\/p>\n\n\n\n<p style=\"font-size:16px\">\u2013 kursy i szkolenia umo\u017cliwiaj\u0105ce nabycie, podniesienie lub zmian\u0119 kwalifikacji i kompetencji zawodowych oraz rozwijanie umiej\u0119tno\u015bci i kompetencji spo\u0142ecznych niezb\u0119dnych na rynku pracy,<\/p>\n\n\n\n<p style=\"font-size:16px\">\u2013 organizujemy sta\u017ce zawodowe.<\/p>\n\n\n\n<p style=\"font-size:16px\">Wsp\u00f3\u0142prac\u0119 zawsze rozpoczynamy od rozpoznania potrzeb i oczekiwa\u0144 naszych Klient\u00f3w, dzi\u0119ki czemu mo\u017cemy dostarczy\u0107 w pe\u0142ni satysfakcjonuj\u0105cy produkt i us\u0142ug\u0119. W trakcie, jak&nbsp; i&nbsp; po zako\u0144czeniu realizacji naszych dzia\u0142a\u0144 przeprowadzamy ich ewaluacj\u0119, co pozwala na sta\u0142\u0105 kontrol\u0119 jako\u015bci naszych us\u0142ug oraz na wprowadzanie dodatkowych udogodnie\u0144 i&nbsp; zmian.<\/p>\n","protected":false},"excerpt":{"rendered":"<p>O NAS Prowadzimy szeroko poj\u0119t\u0105 dzia\u0142alno\u015b\u0107 szkoleniowo \u2013 doradcz\u0105. Wsp\u00f3\u0142pracujemy z profesjonalnym zespo\u0142em trener\u00f3w i doradc\u00f3w wierz\u0105cych w proaktywne rozwi\u0105zania i stawiaj\u0105cych na ich wykorzystanie na ka\u017cdym etapie pracy, tym samym mo\u017cemy<a class=\"moretag\" href=\"https:\/\/peritusidea.com.pl\/?page_id=717\">Read More&#8230;<\/a><\/p>\n","protected":false},"author":1,"featured_media":0,"parent":0,"menu_order":0,"comment_status":"closed","ping_status":"closed","template":"","meta":{"footnotes":""},"class_list":["post-717","page","type-page","status-publish","hentry"],"_links":{"self":[{"href":"https:\/\/peritusidea.com.pl\/index.php?rest_route=\/wp\/v2\/pages\/717"}],"collection":[{"href":"https:\/\/peritusidea.com.pl\/index.php?rest_route=\/wp\/v2\/pages"}],"about":[{"href":"https:\/\/peritusidea.com.pl\/index.php?rest_route=\/wp\/v2\/types\/page"}],"author":[{"embeddable":true,"href":"https:\/\/peritusidea.com.pl\/index.php?rest_route=\/wp\/v2\/users\/1"}],"replies":[{"embeddable":true,"href":"https:\/\/peritusidea.com.pl\/index.php?rest_route=%2Fwp%2Fv2%2Fcomments&post=717"}],"version-history":[{"count":2,"href":"https:\/\/peritusidea.com.pl\/index.php?rest_route=\/wp\/v2\/pages\/717\/revisions"}],"predecessor-version":[{"id":722,"href":"https:\/\/peritusidea.com.pl\/index.php?rest_route=\/wp\/v2\/pages\/717\/revisions\/722"}],"wp:attachment":[{"href":"https:\/\/peritusidea.com.pl\/index.php?rest_route=%2Fwp%2Fv2%2Fmedia&parent=717"}],"curies":[{"name":"wp","href":"https:\/\/api.w.org\/{rel}","templated":true}]}}