{"id":530,"date":"2022-10-29T08:54:32","date_gmt":"2022-10-29T06:54:32","guid":{"rendered":"http:\/\/peritusidea.com.pl\/?page_id=530"},"modified":"2022-11-02T12:07:46","modified_gmt":"2022-11-02T11:07:46","slug":"rodzina-razem-silna-ii","status":"publish","type":"page","link":"https:\/\/peritusidea.com.pl\/?page_id=530","title":{"rendered":"Rodzina razem silna 2"},"content":{"rendered":"\n<figure class=\"wp-block-image size-large is-resized\"><img loading=\"lazy\" decoding=\"async\" src=\"https:\/\/peritusidea.com.pl\/wp-content\/uploads\/2022\/11\/EFS-2-1024x102.jpg\" alt=\"\" class=\"wp-image-539\" width=\"848\" height=\"84\" srcset=\"https:\/\/peritusidea.com.pl\/wp-content\/uploads\/2022\/11\/EFS-2-1024x102.jpg 1024w, https:\/\/peritusidea.com.pl\/wp-content\/uploads\/2022\/11\/EFS-2-300x30.jpg 300w, https:\/\/peritusidea.com.pl\/wp-content\/uploads\/2022\/11\/EFS-2-768x77.jpg 768w, https:\/\/peritusidea.com.pl\/wp-content\/uploads\/2022\/11\/EFS-2-1536x153.jpg 1536w, https:\/\/peritusidea.com.pl\/wp-content\/uploads\/2022\/11\/EFS-2-2048x205.jpg 2048w\" sizes=\"(max-width: 848px) 100vw, 848px\" \/><\/figure>\n\n\n\n<p>Rozpoczynamy\nrealizacj\u0119 projektu <strong>\u201eRodzina razem silna\n2\u201d<\/strong>, kt\u00f3ryjestwsp\u00f3\u0142finansowany z\nEuropejskiego Funduszu Spo\u0142ecznego w ramach Regionalnego Programu Operacyjnego\nWojew\u00f3dztwa Warmi\u0144sko \u2013 Mazurskiego na lata 2014 \u2013 2020 Poddzia\u0142anie 11.2.3. <\/p>\n\n\n\n<p>Projekt\nrealizowany b\u0119dzie na terenie gminy miejskiej i wiejskiej <strong>G\u00f3rowo I\u0142aweckie<\/strong> do<strong> 30.06.2023<\/strong>.\n<\/p>\n\n\n\n<p>Projekt\nskierowany jest do&nbsp; min. 15 rodzin\nobejmuj\u0105cych 42 osoby (26 kobiet, 16 m\u0119\u017cczyzn) zamieszka\u0142ych na terenie gminy\nwiejskiej lub miejskiej G\u00f3rowo I\u0142aweckie zagro\u017conych ryzykiem ub\u00f3stwa i\/lub\nwykluczeniem spo\u0142ecznym. Obecnie rozpoczynamy rekrutacj\u0119. Pierwsze\u0144stwo maj\u0105 osoby\nposiadaj\u0105ce rodziny wielodzietne.<\/p>\n\n\n\n<p>W ramach projektu proponujemy nast\u0119puj\u0105ce formy wsparcia:<\/p>\n\n\n\n<p>Grupa samopomocowa<\/p>\n\n\n\n<p>Warsztaty:<\/p>\n\n\n\n<ul class=\"wp-block-list\"><li>warsztaty gospodarowanie bud\u017cetem domowym,<\/li><li>warsztat mindfulness \u2013 warsztat uwa\u017cno\u015bci,<\/li><li>warsztaty komunikacji z otoczeniem,<\/li><li>warsztaty rozwoju osobistego, <\/li><li> warsztaty okre\u015blania cel\u00f3w, motywacyjne.<\/li><\/ul>\n\n\n\n<p>Doradztwo:<\/p>\n\n\n\n<ul class=\"wp-block-list\"><li>w zakresie rozwoju kompetencji spo\u0142ecznych,<\/li><li>prawno-obywatelskie,<\/li><li>ekonomiczne,<\/li><li>coaching.<\/li><\/ul>\n\n\n\n<p> Czterodniowy wyjazd rodzinny <\/p>\n\n\n\n<p><\/p>\n\n\n\n<p>Biuro projektu mie\u015bci si\u0119 w siedzibie Stowarzyszenia Natangia, ul. Sikorskiego 34 \u00a0G\u00f3rowie I\u0142aweckim.<\/p>\n\n\n\n<p>Serdecznie\nzapraszamy osoby korzystaj\u0105ce z pomocy spo\u0142ecznej do udzia\u0142u w projekcie.<\/p>\n\n\n\n<p>Poni\u017cej dokumenty rekrutacyjne:<\/p>\n\n\n\n<p>Formularz\nzg\u0142oszeniowy<\/p>\n\n\n\n<p>O\u015bwiadczenie <\/p>\n","protected":false},"excerpt":{"rendered":"<p>Rozpoczynamy realizacj\u0119 projektu \u201eRodzina razem silna 2\u201d, kt\u00f3ryjestwsp\u00f3\u0142finansowany z Europejskiego Funduszu Spo\u0142ecznego w ramach Regionalnego Programu Operacyjnego Wojew\u00f3dztwa Warmi\u0144sko \u2013 Mazurskiego na lata 2014 \u2013 2020 Poddzia\u0142anie 11.2.3. Projekt realizowany b\u0119dzie na<a class=\"moretag\" href=\"https:\/\/peritusidea.com.pl\/?page_id=530\">Read More&#8230;<\/a><\/p>\n","protected":false},"author":1,"featured_media":0,"parent":0,"menu_order":0,"comment_status":"closed","ping_status":"closed","template":"","meta":{"footnotes":""},"class_list":["post-530","page","type-page","status-publish","hentry"],"_links":{"self":[{"href":"https:\/\/peritusidea.com.pl\/index.php?rest_route=\/wp\/v2\/pages\/530"}],"collection":[{"href":"https:\/\/peritusidea.com.pl\/index.php?rest_route=\/wp\/v2\/pages"}],"about":[{"href":"https:\/\/peritusidea.com.pl\/index.php?rest_route=\/wp\/v2\/types\/page"}],"author":[{"embeddable":true,"href":"https:\/\/peritusidea.com.pl\/index.php?rest_route=\/wp\/v2\/users\/1"}],"replies":[{"embeddable":true,"href":"https:\/\/peritusidea.com.pl\/index.php?rest_route=%2Fwp%2Fv2%2Fcomments&post=530"}],"version-history":[{"count":3,"href":"https:\/\/peritusidea.com.pl\/index.php?rest_route=\/wp\/v2\/pages\/530\/revisions"}],"predecessor-version":[{"id":540,"href":"https:\/\/peritusidea.com.pl\/index.php?rest_route=\/wp\/v2\/pages\/530\/revisions\/540"}],"wp:attachment":[{"href":"https:\/\/peritusidea.com.pl\/index.php?rest_route=%2Fwp%2Fv2%2Fmedia&parent=530"}],"curies":[{"name":"wp","href":"https:\/\/api.w.org\/{rel}","templated":true}]}}