{"id":444,"date":"2020-09-15T08:05:23","date_gmt":"2020-09-15T06:05:23","guid":{"rendered":"http:\/\/peritusidea.com.pl\/?page_id=444"},"modified":"2021-09-13T14:21:16","modified_gmt":"2021-09-13T12:21:16","slug":"rodzina-razem-silna","status":"publish","type":"page","link":"https:\/\/peritusidea.com.pl\/?page_id=444","title":{"rendered":"Rodzina razem silna"},"content":{"rendered":"\n<figure class=\"wp-block-image size-large\"><img loading=\"lazy\" decoding=\"async\" width=\"602\" height=\"59\" src=\"http:\/\/peritusidea.com.pl\/wp-content\/uploads\/2020\/09\/image-3.png\" alt=\"\" class=\"wp-image-451\" srcset=\"https:\/\/peritusidea.com.pl\/wp-content\/uploads\/2020\/09\/image-3.png 602w, https:\/\/peritusidea.com.pl\/wp-content\/uploads\/2020\/09\/image-3-300x29.png 300w, https:\/\/peritusidea.com.pl\/wp-content\/uploads\/2020\/09\/image-3-600x59.png 600w\" sizes=\"(max-width: 602px) 100vw, 602px\" \/><\/figure>\n\n\n\n<p>&nbsp;harmonogram wsparcia na miesi\u0105ce wrzesie\u0144 \u2013\ngrudzie\u0144 2021 r.<\/p>\n\n\n\n<figure class=\"wp-block-table\"><table class=\"\"><tbody><tr><td>\n  Data \n  <\/td><td>\n  Godzina \n  <\/td><td>\n  Miejsce \n  <\/td><\/tr><tr><td>\n  Grupa samopomocowa\n  <\/td><\/tr><tr><td>\n  09.09.2021\n  <\/td><td>\n  14.00-17.15\n  <\/td><td>\n  Zesp\u00f3\u0142 Szk\u00f3\u0142 w G\u00f3rowie\n  I\u0142aweckim, ul. Wyszy\u0144skiego 1, sala 18\n  <\/td><\/tr><tr><td>\n  23.09.2021\n  <\/td><td>\n  14.00-17.15\n  <\/td><td>\n  Zesp\u00f3\u0142 Szk\u00f3\u0142 w G\u00f3rowie\n  I\u0142aweckim, ul. Wyszy\u0144skiego 1, sala 18\n  <\/td><\/tr><tr><td>\n  07.10.2021\n  <\/td><td>\n  14.00-17.15\n  <\/td><td>\n  Zesp\u00f3\u0142 Szk\u00f3\u0142 w G\u00f3rowie\n  I\u0142aweckim, ul. Wyszy\u0144skiego 1, sala 18\n  <\/td><\/tr><tr><td>\n  21.10.2021\n  <\/td><td>\n  14.00-17.15\n  <\/td><td>\n  Zesp\u00f3\u0142 Szk\u00f3\u0142 w G\u00f3rowie\n  I\u0142aweckim, ul. Wyszy\u0144skiego 1, sala 18\n  <\/td><\/tr><tr><td>\n  04.11.2021\n  <\/td><td>\n  14.00-17.15\n  <\/td><td>\n  Zesp\u00f3\u0142 Szk\u00f3\u0142 w G\u00f3rowie\n  I\u0142aweckim, ul. Wyszy\u0144skiego 1, sala 18\n  <\/td><\/tr><tr><td>\n  18.11.2021\n  <\/td><td>\n  14.00-17.15\n  <\/td><td>\n  Zesp\u00f3\u0142 Szk\u00f3\u0142 w G\u00f3rowie\n  I\u0142aweckim, ul. Wyszy\u0144skiego 1, sala 18\n  <\/td><\/tr><tr><td>\n  09.12.2021\n  <\/td><td>\n  14.00-17.15\n  <\/td><td>\n  Zesp\u00f3\u0142 Szk\u00f3\u0142 w G\u00f3rowie\n  I\u0142aweckim, ul. Wyszy\u0144skiego 1, sala 18\n  <\/td><\/tr><tr><td>\n  16.12.2021\n  <\/td><td>\n  14.00-17.15\n  <\/td><td>\n  Zesp\u00f3\u0142 Szk\u00f3\u0142 w G\u00f3rowie\n  I\u0142aweckim, ul. Wyszy\u0144skiego 1, sala 18\n  <\/td><\/tr><tr><td>\n  Warsztaty\n  <\/td><\/tr><tr><td>\n  24-26.09.2021\n  <\/td><td>\n  8.00-15.00\n  <\/td><td>\n  Zesp\u00f3\u0142 Szk\u00f3\u0142 w G\u00f3rowie\n  I\u0142aweckim, ul. Wyszy\u0144skiego 1, sala 18\n  <\/td><td>\n  Warsztaty zdrowego \u017cywienia i higienicznego trybu \u017cycia\n  <\/td><\/tr><tr><td>\n  5-7.11.2021\n  <\/td><td>\n  8.00-15.00\n  <\/td><td>\n  Zesp\u00f3\u0142 Szk\u00f3\u0142 w G\u00f3rowie\n  I\u0142aweckim, ul. Wyszy\u0144skiego 1, sala 18\n  <\/td><td>\n  Warsztaty z rozwoju osobistego\n  <\/td><\/tr><tr><td>\n  Doradztwo \u2013 b\u0119dzie \u015bwiadczone\n  zgodnie z bie\u017c\u0105cym zapotrzebowaniem\n  <\/td><\/tr><\/tbody><\/table><\/figure>\n\n\n\n<p>Harmonogram wsparcia 05-06.2021<\/p>\n\n\n\n<figure class=\"wp-block-table\"><table class=\"\"><tbody><tr><td>\n  Data \n  <\/td><td>\n  Godzina \n  <\/td><td>\n  Miejsce \n  <\/td><\/tr><tr><td>\n  Grupa samopomocowa\n  <\/td><\/tr><tr><td>\n  28.05.2021\n  <\/td><td>\n  14.00-17.15\n  <\/td><td>\n  Zesp\u00f3\u0142 Szk\u00f3\u0142 w G\u00f3rowie\n  I\u0142aweckim, ul. Wyszy\u0144skiego 1, sala 18\n  <\/td><\/tr><tr><td>\n  10.06.2021\n  <\/td><td>\n  14.00-17.15\n  <\/td><td>\n  Zesp\u00f3\u0142 Szk\u00f3\u0142 w G\u00f3rowie\n  I\u0142aweckim, ul. Wyszy\u0144skiego 1, sala 18\n  <\/td><\/tr><tr><td>\n  24.06.2021\n  <\/td><td>\n  14.00-17.15\n  <\/td><td>\n  Zesp\u00f3\u0142 Szk\u00f3\u0142 w G\u00f3rowie\n  I\u0142aweckim, ul. Wyszy\u0144skiego 1, sala 18\n  <\/td><\/tr><tr><td>\n  Doradztwo \n  Doradztwo kompetencji\n  spo\u0142ecznych\n  <\/td><\/tr><tr><td>\n  24.05.2021\n  <\/td><td>\n  8.00-18.00\n  <\/td><td>\n  Zesp\u00f3\u0142 Szk\u00f3\u0142 w G\u00f3rowie\n  I\u0142aweckim, ul. Wyszy\u0144skiego 1, sala 18\n  <\/td><\/tr><tr><td>\n  25.05.2021\n  <\/td><td>\n  8.00-18.00\n  <\/td><td>\n  Zesp\u00f3\u0142 Szk\u00f3\u0142 w G\u00f3rowie\n  I\u0142aweckim, ul. Wyszy\u0144skiego 1, sala 18\n  <\/td><\/tr><tr><td>\n  26.05.2021\n  <\/td><td>\n  8.00-18.00\n  <\/td><td>\n  Zesp\u00f3\u0142 Szk\u00f3\u0142 w G\u00f3rowie\n  I\u0142aweckim, ul. Wyszy\u0144skiego 1, sala 18\n  <\/td><\/tr><tr><td>\n  27.05.2021\n  <\/td><td>\n  8.00-16.00\n  <\/td><td>\n  Zesp\u00f3\u0142 Szk\u00f3\u0142 w G\u00f3rowie\n  I\u0142aweckim, ul. Wyszy\u0144skiego 1, sala 18\n  <\/td><\/tr><tr><td>\n  Doradztwo \n  Doradztwo prawno-obywatelskie\n  <\/td><\/tr><tr><td>\n  28.05.2021\n  <\/td><td>\n  8.00-18.00\n  <\/td><td>\n  Zesp\u00f3\u0142 Szk\u00f3\u0142 w G\u00f3rowie\n  I\u0142aweckim, ul. Wyszy\u0144skiego 1, sala 18\n  <\/td><\/tr><tr><td>\n  29.05.2021\n  <\/td><td>\n  8.00-18.00\n  <\/td><td>\n  Zesp\u00f3\u0142 Szk\u00f3\u0142 w G\u00f3rowie\n  I\u0142aweckim, ul. Wyszy\u0144skiego 1, sala 18\n  <\/td><\/tr><tr><td>\n  30.05.2021\n  <\/td><td>\n  8.00-18.00\n  <\/td><td>\n  Zesp\u00f3\u0142 Szk\u00f3\u0142 w G\u00f3rowie\n  I\u0142aweckim, ul. Wyszy\u0144skiego 1, sala 18\n  <\/td><\/tr><tr><td>\n  Doradztwo\n  ekonomiczne\n  <\/td><\/tr><tr><td>\n  16.06.2021\n  <\/td><td>\n  8.00-14.00\n  <\/td><td>\n  Zesp\u00f3\u0142 Szk\u00f3\u0142 w G\u00f3rowie\n  I\u0142aweckim, ul. Wyszy\u0144skiego 1, sala 18\n  <\/td><\/tr><tr><td>\n  17.06.2021\n  <\/td><td>\n  8.00-14.00\n  <\/td><td>\n  Zesp\u00f3\u0142 Szk\u00f3\u0142 w G\u00f3rowie\n  I\u0142aweckim, ul. Wyszy\u0144skiego 1, sala 18\n  <\/td><\/tr><tr><td>\n  23.06.2021\n  <\/td><td>\n  8.00-14.00\n  <\/td><td>\n  Zesp\u00f3\u0142 Szk\u00f3\u0142 w G\u00f3rowie\n  I\u0142aweckim, ul. Wyszy\u0144skiego 1, sala 18\n  <\/td><\/tr><tr><td>\n  24.06.2021\n  <\/td><td>\n  8.00-14.00\n  <\/td><td>\n  Zesp\u00f3\u0142 Szk\u00f3\u0142 w G\u00f3rowie\n  I\u0142aweckim, ul. Wyszy\u0144skiego 1, sala 18\n  <\/td><\/tr><tr><td>\n  Warsztaty\n  <\/td><\/tr><tr><td>\n  31.05-2.06.2021\n  <\/td><td>\n  8.00-15.00\n  <\/td><td>\n  Zesp\u00f3\u0142 Szk\u00f3\u0142 w G\u00f3rowie\n  I\u0142aweckim, ul. Wyszy\u0144skiego 1, sala 18\n  <\/td><td>\n  Warsztaty z autoprezentacji\n  <\/td><\/tr><tr><td>\n  14-16.06.2021\n  <\/td><td>\n  8.00-15.00\n  <\/td><td>\n  Zesp\u00f3\u0142 Szk\u00f3\u0142 w G\u00f3rowie\n  I\u0142aweckim, ul. Wyszy\u0144skiego 1, sala 18\n  <\/td><td>\n  Warsztaty z metod poszukiwania pracy\n  <\/td><\/tr><tr><td>\n  25-27.06.2021\n  <\/td><td>\n  8.00-15.00\n  <\/td><td>\n  Zesp\u00f3\u0142 Szk\u00f3\u0142 w G\u00f3rowie\n  I\u0142aweckim, ul. Wyszy\u0144skiego 1, sala 18\n  <\/td><td>\n  Warsztaty dot. umiej\u0119tno\u015bci wychowania dzieci \u2013\n  <\/td><\/tr><\/tbody><\/table><\/figure>\n\n\n\n<p>Harmonogram wsparcia 03 2021 r.<\/p>\n\n\n\n<p><\/p>\n\n\n\n<p><\/p>\n\n\n\n<figure class=\"wp-block-table\"><table class=\"\"><tbody><tr><td>\n  Data \n  <\/td><td>\n  Godzina \n  <\/td><td>\n  Miejsce \n  <\/td><\/tr><tr><td>\n  Grupa\n  samopomocowa (spotkania indywidualne z opiekunem\n  grupy)\n  <\/td><\/tr><tr><td>\n  08.03.2021\n  <\/td><td>\n  8.00-16.00\n  <\/td><td>\n  Zesp\u00f3\u0142 Szk\u00f3\u0142 w G\u00f3rowie\n  I\u0142aweckim, ul. Wyszy\u0144skiego 1, sala 17\n  <\/td><\/tr><tr><td>\n  09.03.2021\n  <\/td><td>\n  8.00-16.00\n  <\/td><td>\n  Zesp\u00f3\u0142 Szk\u00f3\u0142 w G\u00f3rowie\n  I\u0142aweckim, ul. Wyszy\u0144skiego 1, sala 17\n  <\/td><\/tr><tr><td>\n  10.03.2021\n  <\/td><td>\n  8.00-16.00\n  <\/td><td>\n  Zesp\u00f3\u0142 Szk\u00f3\u0142 w G\u00f3rowie\n  I\u0142aweckim, ul. Wyszy\u0144skiego 1, sala 17\n  <\/td><\/tr><tr><td>\n  11.03.2021\n  <\/td><td>\n  8.00-16.00\n  <\/td><td>\n  Zesp\u00f3\u0142 Szk\u00f3\u0142 w G\u00f3rowie\n  I\u0142aweckim, ul. Wyszy\u0144skiego 1, sala 17\n  <\/td><\/tr><tr><td>\n  15.03.2021\n  <\/td><td>\n  8.00-16.00\n  <\/td><td>\n  Zesp\u00f3\u0142 Szk\u00f3\u0142 w G\u00f3rowie\n  I\u0142aweckim, ul. Wyszy\u0144skiego 1, sala 17\n  <\/td><\/tr><tr><td>\n  16.03.2021\n  <\/td><td>\n  8.00-16.00\n  <\/td><td>\n  Zesp\u00f3\u0142 Szk\u00f3\u0142 w G\u00f3rowie\n  I\u0142aweckim, ul. Wyszy\u0144skiego 1, sala 17\n  <\/td><\/tr><tr><td>\n  17.03.2021\n  <\/td><td>\n  8.00-16.00\n  <\/td><td>\n  Zesp\u00f3\u0142 Szk\u00f3\u0142 w G\u00f3rowie\n  I\u0142aweckim, ul. Wyszy\u0144skiego 1, sala 17\n  <\/td><\/tr><tr><td>\n  18.03.2021\n  <\/td><td>\n  8.00-12.00\n  <\/td><td>\n  Zesp\u00f3\u0142 Szk\u00f3\u0142 w G\u00f3rowie\n  I\u0142aweckim, ul. Wyszy\u0144skiego 1, sala 17\n  <\/td><\/tr><tr><td>\n  Doradztwo\n  \n  Doradztwo\n  kompetencji spo\u0142ecznych\n  <\/td><\/tr><tr><td>\n  08.03.2021\n  <\/td><td>\n  8.00-18.00\n  <\/td><td>\n  Zesp\u00f3\u0142 Szk\u00f3\u0142 w G\u00f3rowie\n  I\u0142aweckim, ul. Wyszy\u0144skiego 1, sala 17\n  <\/td><\/tr><tr><td>\n  09.03.2021\n  <\/td><td>\n  8.00-18.00\n  <\/td><td>\n  Zesp\u00f3\u0142 Szk\u00f3\u0142 w G\u00f3rowie\n  I\u0142aweckim, ul. Wyszy\u0144skiego 1, sala 17\n  <\/td><\/tr><tr><td>\n  10.03.2021\n  <\/td><td>\n  8.00-18.00\n  <\/td><td>\n  Zesp\u00f3\u0142 Szk\u00f3\u0142 w G\u00f3rowie\n  I\u0142aweckim, ul. Wyszy\u0144skiego 1, sala 17\n  <\/td><\/tr><tr><td>\n  11.03.2021\n  <\/td><td>\n  8.00-16.00\n  <\/td><td>\n  Zesp\u00f3\u0142 Szk\u00f3\u0142 w G\u00f3rowie\n  I\u0142aweckim, ul. Wyszy\u0144skiego 1, sala 17\n  <\/td><\/tr><tr><td>\n  Doradztwo\n  \n  Doradztwo\n  prawno-obywatelskie\n  <\/td><\/tr><tr><td>\n  10.03.2021\n  <\/td><td>\n  8.00-18.00\n  <\/td><td>\n  Zesp\u00f3\u0142 Szk\u00f3\u0142 w G\u00f3rowie\n  I\u0142aweckim, ul. Wyszy\u0144skiego 1, sala 17\n  <\/td><\/tr><tr><td>\n  17.03.2021\n  <\/td><td>\n  8.00-18.00\n  <\/td><td>\n  Zesp\u00f3\u0142 Szk\u00f3\u0142 w G\u00f3rowie\n  I\u0142aweckim, ul. Wyszy\u0144skiego 1, sala 17\n  <\/td><\/tr><tr><td>\n  24.03.2021\n  <\/td><td>\n  8.00-18.00\n  <\/td><td>\n  Zesp\u00f3\u0142 Szk\u00f3\u0142 w G\u00f3rowie\n  I\u0142aweckim, ul. Wyszy\u0144skiego 1, sala 17\n  <\/td><\/tr><tr><td>\n  31.03.2021\n  <\/td><td>\n  8.00-16.00\n  <\/td><td>\n  Zesp\u00f3\u0142 Szk\u00f3\u0142 w G\u00f3rowie\n  I\u0142aweckim, ul. Wyszy\u0144skiego 1, sala 17\n  <\/td><\/tr><\/tbody><\/table><\/figure>\n\n\n\n<p> Lista rankingowa z dnia 10.11.2020 r. <\/p>\n\n\n\n<div class=\"wp-block-file\"><a href=\"http:\/\/peritusidea.com.pl\/wp-content\/uploads\/2020\/12\/Lista-rankingowa_RRS-1.docx\">Lista-rankingowa_RRS<\/a><a href=\"http:\/\/peritusidea.com.pl\/wp-content\/uploads\/2020\/12\/Lista-rankingowa_RRS-1.docx\" class=\"wp-block-file__button\" download>Pobierz<\/a><\/div>\n\n\n\n<p><strong>Rekrutacja<\/strong><\/p>\n\n\n\n<p>Serdecznie zapraszamy do udzia\u0142u w\nprojekcie.<\/p>\n\n\n\n<p>Projekt skierowany jest do &nbsp;10 rodzin obejmuj\u0105cych 30 os\u00f3b (20K, 10M)\nzamieszka\u0142ych na terenie gminy wiejskiej lub miejskiej G\u00f3rowo I\u0142aweckie\nzagro\u017conych ryzykiem ub\u00f3stwa i\/lub wykluczeniem spo\u0142ecznym<\/p>\n\n\n\n<p>&nbsp;Projekt realizujemy w okresie 01.09.2020\n-28.02.2022<\/p>\n\n\n\n<p>Oferujemy:\n<\/p>\n\n\n\n<p><strong>Grup\u0119\nsamopomocow\u0105<\/strong><strong><\/strong><\/p>\n\n\n\n<p><strong>3-dniowe\nwarsztaty:<\/strong><strong><\/strong><\/p>\n\n\n\n<ul class=\"wp-block-list\"><li>Warsztaty z autoprezentacji,<\/li><li>Warsztaty z metod\nposzukiwania pracy,<\/li><li>Warsztaty dot. umiej\u0119tno\u015bci\nwychowania dzieci,<\/li><li>Warsztaty z rozwoju\nosobistego (2 warsztaty),<\/li><li>Warsztaty zdrowego \u017cywienia i\nhigienicznego trybu \u017cycia,<\/li><li>Warsztaty umiej\u0119tno\u015bci\ngospodarowania bud\u017cetem,<\/li><li>Warsztaty r\u0119kodzie\u0142a.<\/li><\/ul>\n\n\n\n<p><strong>Doradztwo:<\/strong><\/p>\n\n\n\n<ul class=\"wp-block-list\"><li>doradztwo kompetencji spo\u0142ecznych<\/li><li>psychologiczne<\/li><li>prawno-obywatelskie<\/li><li>ekonomiczne<\/li><li>coaching<\/li><\/ul>\n\n\n\n<p>Dwa 3-dobowe <strong>wyjazdy rodzinne<\/strong> <\/p>\n\n\n\n<p>Poni\u017cej do pobrania <strong>dokumenty rekrutacyjne<\/strong><\/p>\n\n\n\n<div class=\"wp-block-file\"><a href=\"http:\/\/peritusidea.com.pl\/wp-content\/uploads\/2020\/10\/Formularz-zg\u0142oszeniowy_RRS.docx\">Formularz-zg\u0142oszeniowy_RRS<\/a><a href=\"http:\/\/peritusidea.com.pl\/wp-content\/uploads\/2020\/10\/Formularz-zg\u0142oszeniowy_RRS.docx\" class=\"wp-block-file__button\" download>Pobierz<\/a><\/div>\n\n\n\n<div class=\"wp-block-file\"><a href=\"http:\/\/peritusidea.com.pl\/wp-content\/uploads\/2020\/10\/O\u015bwiadczenie-RODO_RRS.docx\">O\u015bwiadczenie-RODO_RRS<\/a><a href=\"http:\/\/peritusidea.com.pl\/wp-content\/uploads\/2020\/10\/O\u015bwiadczenie-RODO_RRS.docx\" class=\"wp-block-file__button\" download>Pobierz<\/a><\/div>\n\n\n\n<div class=\"wp-block-file\"><a href=\"http:\/\/peritusidea.com.pl\/wp-content\/uploads\/2020\/12\/Deklaracja_RRS.docx\">Deklaracja_RRS<\/a><a href=\"http:\/\/peritusidea.com.pl\/wp-content\/uploads\/2020\/12\/Deklaracja_RRS.docx\" class=\"wp-block-file__button\" download>Pobierz<\/a><\/div>\n\n\n\n<div class=\"wp-block-file\"><a href=\"http:\/\/peritusidea.com.pl\/wp-content\/uploads\/2020\/12\/O\u015bwiadczenie-dane_RRS.docx\">O\u015bwiadczenie-dane_RRS<\/a><a href=\"http:\/\/peritusidea.com.pl\/wp-content\/uploads\/2020\/12\/O\u015bwiadczenie-dane_RRS.docx\" class=\"wp-block-file__button\" download>Pobierz<\/a><\/div>\n\n\n\n<div class=\"wp-block-file\"><a href=\"http:\/\/peritusidea.com.pl\/wp-content\/uploads\/2020\/12\/O\u015bwiadczenie-o-wsparciu_RRS.docx\">O\u015bwiadczenie-o-wsparciu_RRS<\/a><a href=\"http:\/\/peritusidea.com.pl\/wp-content\/uploads\/2020\/12\/O\u015bwiadczenie-o-wsparciu_RRS.docx\" class=\"wp-block-file__button\" download>Pobierz<\/a><\/div>\n\n\n\n<div class=\"wp-block-file\"><a href=\"http:\/\/peritusidea.com.pl\/wp-content\/uploads\/2020\/12\/O\u015bwiadczenie-regulamin_RRS.docx\">O\u015bwiadczenie-regulamin_RRS<\/a><a href=\"http:\/\/peritusidea.com.pl\/wp-content\/uploads\/2020\/12\/O\u015bwiadczenie-regulamin_RRS.docx\" class=\"wp-block-file__button\" download>Pobierz<\/a><\/div>\n\n\n\n<div class=\"wp-block-file\"><a href=\"http:\/\/peritusidea.com.pl\/wp-content\/uploads\/2020\/12\/Zgoda-na-przetwarzanie-wizerunku_RRS.docx\">Zgoda-na-przetwarzanie-wizerunku_RRS<\/a><a href=\"http:\/\/peritusidea.com.pl\/wp-content\/uploads\/2020\/12\/Zgoda-na-przetwarzanie-wizerunku_RRS.docx\" class=\"wp-block-file__button\" download>Pobierz<\/a><\/div>\n","protected":false},"excerpt":{"rendered":"<p>&nbsp;harmonogram wsparcia na miesi\u0105ce wrzesie\u0144 \u2013 grudzie\u0144 2021 r. Data Godzina Miejsce Grupa samopomocowa 09.09.2021 14.00-17.15 Zesp\u00f3\u0142 Szk\u00f3\u0142 w G\u00f3rowie I\u0142aweckim, ul. Wyszy\u0144skiego 1, sala 18 23.09.2021 14.00-17.15 Zesp\u00f3\u0142 Szk\u00f3\u0142 w G\u00f3rowie<a class=\"moretag\" href=\"https:\/\/peritusidea.com.pl\/?page_id=444\">Read More&#8230;<\/a><\/p>\n","protected":false},"author":1,"featured_media":0,"parent":0,"menu_order":0,"comment_status":"closed","ping_status":"closed","template":"","meta":{"footnotes":""},"class_list":["post-444","page","type-page","status-publish","hentry"],"_links":{"self":[{"href":"https:\/\/peritusidea.com.pl\/index.php?rest_route=\/wp\/v2\/pages\/444"}],"collection":[{"href":"https:\/\/peritusidea.com.pl\/index.php?rest_route=\/wp\/v2\/pages"}],"about":[{"href":"https:\/\/peritusidea.com.pl\/index.php?rest_route=\/wp\/v2\/types\/page"}],"author":[{"embeddable":true,"href":"https:\/\/peritusidea.com.pl\/index.php?rest_route=\/wp\/v2\/users\/1"}],"replies":[{"embeddable":true,"href":"https:\/\/peritusidea.com.pl\/index.php?rest_route=%2Fwp%2Fv2%2Fcomments&post=444"}],"version-history":[{"count":8,"href":"https:\/\/peritusidea.com.pl\/index.php?rest_route=\/wp\/v2\/pages\/444\/revisions"}],"predecessor-version":[{"id":507,"href":"https:\/\/peritusidea.com.pl\/index.php?rest_route=\/wp\/v2\/pages\/444\/revisions\/507"}],"wp:attachment":[{"href":"https:\/\/peritusidea.com.pl\/index.php?rest_route=%2Fwp%2Fv2%2Fmedia&parent=444"}],"curies":[{"name":"wp","href":"https:\/\/api.w.org\/{rel}","templated":true}]}}