{"id":442,"date":"2020-09-15T08:05:06","date_gmt":"2020-09-15T06:05:06","guid":{"rendered":"http:\/\/peritusidea.com.pl\/?page_id=442"},"modified":"2021-09-13T11:13:01","modified_gmt":"2021-09-13T09:13:01","slug":"z-cisza-mozna-zyc","status":"publish","type":"page","link":"https:\/\/peritusidea.com.pl\/?page_id=442","title":{"rendered":"Z Cisz\u0105 mo\u017cna \u017cy\u0107"},"content":{"rendered":"\n<figure class=\"wp-block-image size-large\"><img loading=\"lazy\" decoding=\"async\" width=\"602\" height=\"59\" src=\"http:\/\/peritusidea.com.pl\/wp-content\/uploads\/2020\/09\/image-2.png\" alt=\"\" class=\"wp-image-449\" srcset=\"https:\/\/peritusidea.com.pl\/wp-content\/uploads\/2020\/09\/image-2.png 602w, https:\/\/peritusidea.com.pl\/wp-content\/uploads\/2020\/09\/image-2-300x29.png 300w, https:\/\/peritusidea.com.pl\/wp-content\/uploads\/2020\/09\/image-2-600x59.png 600w\" sizes=\"(max-width: 602px) 100vw, 602px\" \/><\/figure>\n\n\n\n<p><\/p>\n\n\n\n<p>harmonogram wsparcia na miesi\u0105ce\n09-12.2021 r.<\/p>\n\n\n\n<figure class=\"wp-block-table\"><table class=\"\"><tbody><tr><td>\n  Data \n  <\/td><td>\n  Godzina \n  <\/td><td>\n  Miejsce \n  <\/td><td>\n  Rodzaj wsparcia\n  <\/td><\/tr><tr><td>\n  Zadanie 1 Warsztaty\n  <\/td><\/tr><tr><td>\n  10.2021\n  (data dzienna w trakcie ustalania)\n  <\/td><td>\n  1 dzie\u0144: 12.00-19.00\n  2 dzie\u0144: 9.00-16.00\n  <\/td><td>\n  Ostr\u00f3da, ul. Sobieskiego 9\n  <\/td><td>\n  Warsztaty zdrowe \u017cywienie oraz higieniczny\n  tryb \u017cycia \n  <\/td><\/tr><tr><td>\n  10.2021\n  (data dzienna w trakcie ustalania)\n  <\/td><td>\n  1 dzie\u0144: 12.00-19.00\n  2 dzie\u0144: 9.00-16.00\n  <\/td><td>\n  Elbl\u0105g, ul. Zwi\u0105zku\n  Jaszczurczego 17 pok. 102\n  <\/td><td>\n  Warsztaty umiej\u0119tno\u015bci gospodarowania\n  bud\u017cetem domowym\n  <\/td><\/tr><tr><td>\n  11.2021\n  (data dzienna w trakcie ustalania)\n  <\/td><td>\n  1 dzie\u0144: 12.00-19.00\n  2 dzie\u0144: 9.00-16.00\n  <\/td><td>\n  Ostr\u00f3da, ul. Sobieskiego 9\n  <\/td><td>\n  Warsztaty psychologiczne \n  <\/td><\/tr><tr><td>\n  Zadanie 2 Spotkania ze specjalistami\n  <\/td><\/tr><tr><td>\n  08.09.2021\n  <\/td><td>\n  15.00-20.00\n  <\/td><td>\n  Ostr\u00f3da, ul. Sobieskiego 9\n  <\/td><td>\n  Doradztwo prawno-obywatelskie\n  <\/td><\/tr><tr><td>\n  10.09.2021\n  <\/td><td>\n  13.00-18.00\n  <\/td><td>\n  I\u0142awa, ul. Wiejska 2D\n  <\/td><td>\n  Doradztwo psychologiczne\n  <\/td><\/tr><tr><td>\n  11.09.2021\n  <\/td><td>\n  9.00-14.00\n  <\/td><td>\n  Elbl\u0105g, ul. Zwi\u0105zku\n  Jaszczurczego 17 pok. 102\n  <\/td><td>\n  Doradztwo psychologiczne\n  <\/td><\/tr><tr><td>\n  17.09.2021\n  <\/td><td>\n  13.00-18.00\n  <\/td><td>\n  Gi\u017cycko, ul. Bohater\u00f3w Westerplatte\n  4\n  <\/td><td>\n  Doradztwo psychologiczne\n  <\/td><\/tr><tr><td>\n  18.09.2021\n  <\/td><td>\n  9.00-14.00\n  <\/td><td>\n  Ostr\u00f3da, ul. Sobieskiego 9\n  <\/td><td>\n  Doradztwo psychologiczne\n  <\/td><\/tr><tr><td>\n  24.09.2021\n  <\/td><td>\n  13.00-18.00\n  <\/td><td>\n  I\u0142awa, ul. Wiejska 2D\n  <\/td><td>\n  Doradztwo prawno-obywatelskie\n  <\/td><\/tr><tr><td>\n  Kolejne miesi\u0105ce b\u0119d\u0105 ustalane\n  na bie\u017c\u0105co\n  <\/td><\/tr><tr><td>\n  Zadanie\n  3 Wyjazdy rodzinne\n  <\/td><\/tr><tr><td>\n  11-14.11.2021\n  <\/td><td>\n  Od godz. 14.00 w dniu 11.11 do\n  godz. 12.00 w dniu 14.11\n  <\/td><td>\n  Gwarek Mazury, Pi\u0119kna G\u00f3ra 7,\n  Gi\u017cycko\n  <\/td><td>\n  Wyjazd rodzinny \n  <\/td><\/tr><\/tbody><\/table><\/figure>\n\n\n\n<p>Harmonogram wsparcia na maj 2021<\/p>\n\n\n\n<figure class=\"wp-block-table\"><table class=\"\"><tbody><tr><td>\n  Zadanie 2 Spotkania ze specjalistami\n  <\/td><\/tr><tr><td>\n  14.05.2021\n  <\/td><td>\n  16.00-20.00\n  <\/td><td>\n  Ostr\u00f3da, ul. Sobieskiego 9\n  <\/td><td>\n  Doradztwo prawno-obywatelskie\n  <\/td><\/tr><tr><td>\n  21.05.2021\n  <\/td><td>\n  15.00-17.00\n  <\/td><td>\n  Gi\u017cycko, ul. Bohater\u00f3w Westerplatte\n  4\n  <\/td><td>\n  Trening umiej\u0119tno\u015bci psychospo\u0142ecznych\n  <\/td><\/tr><tr><td>\n  22.05.2021\n  <\/td><td>\n  9.00-15.00\n  <\/td><td>\n  Elbl\u0105g, ul. Zwi\u0105zku\n  Jaszczurczego 17 pok. 102\n  <\/td><td>\n  Trening umiej\u0119tno\u015bci psychospo\u0142ecznych\n  <\/td><\/tr><tr><td>\n  28.05.2021\n  <\/td><td>\n  15.00-20.00\n  <\/td><td>\n  I\u0142awa, szczeg\u00f3\u0142owa lokalizacja\n  jeszcze nie ustalona\n  <\/td><td>\n  Doradztwo psychologiczne\n  <\/td><\/tr><tr><td>\n  28.05.2021\n  <\/td><td>\n  9.00-15.00\n  <\/td><td>\n  Elbl\u0105g, ul. Zwi\u0105zku\n  Jaszczurczego 17 pok. 102\n  <\/td><td>\n  Doradztwo psychologiczne\n  <\/td><\/tr><\/tbody><\/table><\/figure>\n\n\n\n<p>Lista rankingowa dost\u0119pna jest poni\u017cej:<\/p>\n\n\n\n<p><\/p>\n\n\n\n<div class=\"wp-block-file\"><a href=\"http:\/\/peritusidea.com.pl\/wp-content\/uploads\/2020\/11\/Lista-rankingowa_ZCM\u017b.docx\">Lista-rankingowa_ZCM\u017b<\/a><a href=\"http:\/\/peritusidea.com.pl\/wp-content\/uploads\/2020\/11\/Lista-rankingowa_ZCM\u017b.docx\" class=\"wp-block-file__button\" download>Pobierz<\/a><\/div>\n\n\n\n<p><\/p>\n\n\n\n<p><strong>Rekrutacja<\/strong><\/p>\n\n\n\n<p>Serdecznie zapraszamy do udzia\u0142u w\nprojekcie.<\/p>\n\n\n\n<p>Projekt\nskierowany jest do &nbsp;17 rodzin\nobejmuj\u0105cych 35 os\u00f3b (22K, 13M) z rodzin, w kt\u00f3rych s\u0105 osoby g\u0142uche i\nniedos\u0142ysz\u0105ce zamieszka\u0142ych na terenie gmin miejskich i wiejskich Elbl\u0105ga,\nGi\u017cycka, I\u0142awy, Ostr\u00f3dy.<\/p>\n\n\n\n<p>Projekt\nrealizujemy w okresie 01.09.2020 -31.07.2022 <\/p>\n\n\n\n<p>Oferujemy:\n<\/p>\n\n\n\n<p><strong>2-dniowe\nwarsztaty<\/strong>:<\/p>\n\n\n\n<ul class=\"wp-block-list\"><li>Warsztaty z metod\nposzukiwania pracy<\/li><li>Warsztaty psychologiczne, w\ntym dot. umiej\u0119tno\u015bci wychowania dzieci<\/li><li>Warsztaty zdrowego \u017cywienia i\nhigienicznego trybu \u017cycia<\/li><li>Warsztaty umiej\u0119tno\u015bci\ngospodarowania bud\u017cetem domowym<\/li><\/ul>\n\n\n\n<p><strong>3-dniowe\nwarsztaty:<\/strong><strong><\/strong><\/p>\n\n\n\n<ul class=\"wp-block-list\"><li>warsztaty z rozwoju\nosobistego<\/li><li>empowerment<\/li><\/ul>\n\n\n\n<p>Wsparcie <strong>trenera ca\u0142o\u017cyciowego<\/strong> <\/p>\n\n\n\n<p><strong>Doradztwo psychologiczne <\/strong><\/p>\n\n\n\n<p><strong>Doradztwo prawno-obywatelskie <\/strong><\/p>\n\n\n\n<p><strong>Trening umiej\u0119tno\u015bci psychospo\u0142ecznych<\/strong><\/p>\n\n\n\n<p>Dwa 3-dobowe <strong>wyjazdy rodzinne<\/strong> <\/p>\n\n\n\n<p>Poni\u017cej do pobrania <strong>dokumenty rekrutacyjne<\/strong><\/p>\n\n\n\n<div class=\"wp-block-file\"><a href=\"http:\/\/peritusidea.com.pl\/wp-content\/uploads\/2020\/10\/Formularz-zg\u0142oszeniowy_ZCM\u017b.docx\">Formularz-zg\u0142oszeniowy_ZCM\u017b<\/a><a href=\"http:\/\/peritusidea.com.pl\/wp-content\/uploads\/2020\/10\/Formularz-zg\u0142oszeniowy_ZCM\u017b.docx\" class=\"wp-block-file__button\" download>Pobierz<\/a><\/div>\n\n\n\n<p> <\/p>\n\n\n\n<div class=\"wp-block-file\"><a href=\"http:\/\/peritusidea.com.pl\/wp-content\/uploads\/2020\/10\/O\u015bwiadczenie-RODO_ZCM\u017b.docx\">O\u015bwiadczenie-RODO_ZCM\u017b<\/a><a href=\"http:\/\/peritusidea.com.pl\/wp-content\/uploads\/2020\/10\/O\u015bwiadczenie-RODO_ZCM\u017b.docx\" class=\"wp-block-file__button\" download>Pobierz<\/a><\/div>\n","protected":false},"excerpt":{"rendered":"<p>harmonogram wsparcia na miesi\u0105ce 09-12.2021 r. Data Godzina Miejsce Rodzaj wsparcia Zadanie 1 Warsztaty 10.2021 (data dzienna w trakcie ustalania) 1 dzie\u0144: 12.00-19.00 2 dzie\u0144: 9.00-16.00 Ostr\u00f3da, ul. Sobieskiego 9 Warsztaty zdrowe<a class=\"moretag\" href=\"https:\/\/peritusidea.com.pl\/?page_id=442\">Read More&#8230;<\/a><\/p>\n","protected":false},"author":1,"featured_media":0,"parent":0,"menu_order":0,"comment_status":"closed","ping_status":"closed","template":"","meta":{"footnotes":""},"class_list":["post-442","page","type-page","status-publish","hentry"],"_links":{"self":[{"href":"https:\/\/peritusidea.com.pl\/index.php?rest_route=\/wp\/v2\/pages\/442"}],"collection":[{"href":"https:\/\/peritusidea.com.pl\/index.php?rest_route=\/wp\/v2\/pages"}],"about":[{"href":"https:\/\/peritusidea.com.pl\/index.php?rest_route=\/wp\/v2\/types\/page"}],"author":[{"embeddable":true,"href":"https:\/\/peritusidea.com.pl\/index.php?rest_route=\/wp\/v2\/users\/1"}],"replies":[{"embeddable":true,"href":"https:\/\/peritusidea.com.pl\/index.php?rest_route=%2Fwp%2Fv2%2Fcomments&post=442"}],"version-history":[{"count":6,"href":"https:\/\/peritusidea.com.pl\/index.php?rest_route=\/wp\/v2\/pages\/442\/revisions"}],"predecessor-version":[{"id":506,"href":"https:\/\/peritusidea.com.pl\/index.php?rest_route=\/wp\/v2\/pages\/442\/revisions\/506"}],"wp:attachment":[{"href":"https:\/\/peritusidea.com.pl\/index.php?rest_route=%2Fwp%2Fv2%2Fmedia&parent=442"}],"curies":[{"name":"wp","href":"https:\/\/api.w.org\/{rel}","templated":true}]}}