{"id":39,"date":"2015-10-06T08:42:02","date_gmt":"2015-10-06T06:42:02","guid":{"rendered":"http:\/\/peritusidea.com.pl\/?page_id=39"},"modified":"2016-11-09T12:02:03","modified_gmt":"2016-11-09T11:02:03","slug":"coaching","status":"publish","type":"page","link":"https:\/\/peritusidea.com.pl\/?page_id=39","title":{"rendered":"Coaching"},"content":{"rendered":"<h3>Nasza oferta to sesje coachingowe z zakresu:<\/h3>\n<ul>\n<li>Coaching mened\u017cerski,<\/li>\n<li>Coaching \u017cyciowy,<\/li>\n<li>Coaching sprzeda\u017cy<\/li>\n<li>Coaching zespo\u0142u<\/li>\n<li>Coaching kariery<\/li>\n<\/ul>\n<p>Budujemy programy treningowe zgodne z wymogami i potrzebami naszych klient\u00f3w. W ramach us\u0142ugi mo\u017cliwe s\u0105 spotkania indywidualne, grupowe, sesje poprzez skype.<\/p>\n","protected":false},"excerpt":{"rendered":"<p>Nasza oferta to sesje coachingowe z zakresu: Coaching mened\u017cerski, Coaching \u017cyciowy, Coaching sprzeda\u017cy Coaching zespo\u0142u Coaching kariery Budujemy programy treningowe zgodne z wymogami i potrzebami naszych klient\u00f3w. W ramach us\u0142ugi mo\u017cliwe s\u0105<a class=\"moretag\" href=\"https:\/\/peritusidea.com.pl\/?page_id=39\">Read More&#8230;<\/a><\/p>\n","protected":false},"author":1,"featured_media":0,"parent":0,"menu_order":0,"comment_status":"closed","ping_status":"closed","template":"","meta":{"footnotes":""},"class_list":["post-39","page","type-page","status-publish","hentry"],"_links":{"self":[{"href":"https:\/\/peritusidea.com.pl\/index.php?rest_route=\/wp\/v2\/pages\/39"}],"collection":[{"href":"https:\/\/peritusidea.com.pl\/index.php?rest_route=\/wp\/v2\/pages"}],"about":[{"href":"https:\/\/peritusidea.com.pl\/index.php?rest_route=\/wp\/v2\/types\/page"}],"author":[{"embeddable":true,"href":"https:\/\/peritusidea.com.pl\/index.php?rest_route=\/wp\/v2\/users\/1"}],"replies":[{"embeddable":true,"href":"https:\/\/peritusidea.com.pl\/index.php?rest_route=%2Fwp%2Fv2%2Fcomments&post=39"}],"version-history":[{"count":3,"href":"https:\/\/peritusidea.com.pl\/index.php?rest_route=\/wp\/v2\/pages\/39\/revisions"}],"predecessor-version":[{"id":140,"href":"https:\/\/peritusidea.com.pl\/index.php?rest_route=\/wp\/v2\/pages\/39\/revisions\/140"}],"wp:attachment":[{"href":"https:\/\/peritusidea.com.pl\/index.php?rest_route=%2Fwp%2Fv2%2Fmedia&parent=39"}],"curies":[{"name":"wp","href":"https:\/\/api.w.org\/{rel}","templated":true}]}}