{"id":367,"date":"2020-01-16T13:19:00","date_gmt":"2020-01-16T12:19:00","guid":{"rendered":"http:\/\/peritusidea.com.pl\/?page_id=367"},"modified":"2020-10-14T14:20:08","modified_gmt":"2020-10-14T12:20:08","slug":"szansa-na-rozwoj","status":"publish","type":"page","link":"https:\/\/peritusidea.com.pl\/?page_id=367","title":{"rendered":"Szansa na rozw\u00f3j"},"content":{"rendered":"\n<figure class=\"wp-block-image size-large\"><img loading=\"lazy\" decoding=\"async\" width=\"605\" height=\"59\" src=\"http:\/\/peritusidea.com.pl\/wp-content\/uploads\/2020\/09\/image-1.png\" alt=\"\" class=\"wp-image-439\" srcset=\"https:\/\/peritusidea.com.pl\/wp-content\/uploads\/2020\/09\/image-1.png 605w, https:\/\/peritusidea.com.pl\/wp-content\/uploads\/2020\/09\/image-1-300x29.png 300w, https:\/\/peritusidea.com.pl\/wp-content\/uploads\/2020\/09\/image-1-600x59.png 600w\" sizes=\"(max-width: 605px) 100vw, 605px\" \/><\/figure>\n\n\n<p>Harmonogram sta\u017cy<\/p>\n<table>\n<tbody>\n<tr>\n<td>\n<p>Lp.<\/p>\n<p>\u00a0<\/p>\n<\/td>\n<td>\n<p>Miejsce odbywania sta\u017cu<\/p>\n<\/td>\n<td>\n<p>Termin realizacji sta\u017cu<\/p>\n<\/td>\n<td>\n<p>Godziny sta\u017cu<\/p>\n<\/td>\n<\/tr>\n<tr>\n<td>\n<p>1<\/p>\n<\/td>\n<td>\n<p>Restauracja \u201e R\u00f3\u017ca Wiatr\u00f3w\u201d<\/p>\n<p>ul. Kardyna\u0142a Wyszy\u0144skiego 36, 11-220 G\u00f3rowo I\u0142aweckie<\/p>\n<\/td>\n<td>\n<p>01.10.2020-31.12.2020<\/p>\n<\/td>\n<td>\n<p>7.00-15.00<\/p>\n<\/td>\n<\/tr>\n<tr>\n<td>\n<p>2<\/p>\n<\/td>\n<td>\n<p>Alicja Stupienko GASTRONOMIA<\/p>\n<p>ul. Szkolna 4, 11-220 G\u00f3rowo I\u0142aweckie<\/p>\n<\/td>\n<td>\n<p>01.10.2020-31.12.2020<\/p>\n<\/td>\n<td>\n<p>7.00-15.00<\/p>\n<\/td>\n<\/tr>\n<tr>\n<td>\n<p>3<\/p>\n<\/td>\n<td>\n<p>FHU OL-MAR Gra\u017cyna Rabczuk<\/p>\n<p>Ul. Sikorskiego 2B<\/p>\n<p>11-220 G\u00f3rowo I\u0142aweckie<\/p>\n<\/td>\n<td>\n<p>01.10.2020-31.12.2020<\/p>\n<\/td>\n<td>\n<p>7.00-15.00<\/p>\n<\/td>\n<\/tr>\n<tr>\n<td>\n<p>4<\/p>\n<\/td>\n<td>\n<p>Gminny O\u015brodek Pomocy Spo\u0142ecznej<\/p>\n<p>Ul. Ko\u015bciuszki 11, 11-220 G\u00f3rowo I\u0142aweckie<\/p>\n<\/td>\n<td>\n<p>01.10.2020-31.12.2020<\/p>\n<\/td>\n<td>\n<p>7.00-15.00<\/p>\n<\/td>\n<\/tr>\n<tr>\n<td>\n<p>5<\/p>\n<\/td>\n<td>\n<p>CARITAS Archidiecezji Warmi\u0144skiej Centrum Piel\u0119gniarstwa Rodzinnego<\/p>\n<p>STACJA OPIEKI CARITAS<\/p>\n<p>ul. Wyszy\u0144skiego 2, 11-220 G\u00f3rowo I\u0142aweckie<\/p>\n<\/td>\n<td>\n<p>01.10.2020-31.12.2020<\/p>\n<\/td>\n<td>\n<p>7.00-15.00<\/p>\n<\/td>\n<\/tr>\n<tr>\n<td>\n<p>6<\/p>\n<\/td>\n<td>\n<p>G\u00d3ROWIANKA\u00a0 Us\u0142ugi Gastronomiczne i Kateringowe<\/p>\n<p>ul. Ko\u015bciuszki 19, 11-220 G\u00f3rowo I\u0142aweckie\u00a0<\/p>\n<\/td>\n<td>\n<p>01.10.2020-31.12.2020<\/p>\n<\/td>\n<td>\n<p>7.00-15.00<\/p>\n<\/td>\n<\/tr>\n<tr>\n<td>\n<p>7<\/p>\n<\/td>\n<td>\n<p>Zak\u0142ad Remontowo-Budowlany \u201eBAKS\u201d Ryszard Kierul<\/p>\n<p>Sklep Og\u00f3lnobudowlany ul. Przemys\u0142owa 9a, 11-220 G\u00f3rowo I\u0142aweckie<\/p>\n<\/td>\n<td>\n<p>01.10.2020-31.12.2020<\/p>\n<\/td>\n<td>\n<p>7.00-15.00<\/p>\n<\/td>\n<\/tr>\n<tr>\n<td>\n<p>8<\/p>\n<\/td>\n<td>\n<p>CARITAS Archidiecezji Warmi\u0144skiej Centrum Piel\u0119gniarstwa Rodzinnego<\/p>\n<p>STACJA OPIEKI CARITAS<\/p>\n<p>ul. Wyszy\u0144skiego 2, 11-220 G\u00f3rowo I\u0142aweckie<\/p>\n<\/td>\n<td>\n<p>01.10.2020-31.12.2020<\/p>\n<\/td>\n<td>\n<p>7.00-15.00<\/p>\n<\/td>\n<\/tr>\n<tr>\n<td>\n<p>9<\/p>\n<\/td>\n<td>\n<p>Gminny O\u015brodek Pomocy Spo\u0142ecznej<\/p>\n<p>Ul. Ko\u015bciuszki 11, 11-220 G\u00f3rowo I\u0142aweckie<\/p>\n<\/td>\n<td>\n<p>01.10.2020-31.12.2020<\/p>\n<\/td>\n<td>\n<p>7.00-15.00<\/p>\n<\/td>\n<\/tr>\n<tr>\n<td>\n<p>10<\/p>\n<\/td>\n<td>\n<p>CARITAS Archidiecezji Warmi\u0144skiej Centrum Piel\u0119gniarstwa Rodzinnego<\/p>\n<p>STACJA OPIEKI CARITAS<\/p>\n<p>ul. Wyszy\u0144skiego 2, 11-220 G\u00f3rowo I\u0142aweckie<\/p>\n<\/td>\n<td>\n<p>01.10.2020-31.12.2020<\/p>\n<\/td>\n<td>\n<p>7.00-15.00<\/p>\n<\/td>\n<\/tr>\n<\/tbody>\n<\/table>\n<p>\u00a0<\/p>\n<p>Harmonogram zaj\u0119\u0107 kursu prawo jazdy kat. B<\/p>\n<table style=\"height: 1771px;\" width=\"570\">\n<tbody>\n<tr>\n<td width=\"23%\">\n<p><strong>Data<\/strong><\/p>\n<\/td>\n<td width=\"17%\">\n<p><strong>Godziny zaj\u0119\u0107<\/strong><\/p>\n<\/td>\n<td width=\"23%\">\n<p><strong>Liczba<\/strong><\/p>\n<p><strong>godzin<\/strong><\/p>\n<p><strong>dydaktycznych<\/strong><\/p>\n<\/td>\n<td width=\"35%\">\n<p><strong>Miejsce realizacji zaj\u0119\u0107<\/strong><\/p>\n<p><strong>(miejscowo\u015b\u0107, ulica, nr lokalu\/nazwa instytucji, nr sali)<\/strong><\/p>\n<\/td>\n<\/tr>\n<tr>\n<td width=\"23%\">\n<p>05.10.2020<\/p>\n<\/td>\n<td width=\"17%\">\n<p>17:00-20:15<\/p>\n<\/td>\n<td width=\"23%\">\n<p>4<\/p>\n<\/td>\n<td width=\"35%\">\n<p>Ul. Wyszy\u0144skiego 1, sala nr 17, 11-220 G\u00f3rowo I\u0142aweckie<\/p>\n<\/td>\n<\/tr>\n<tr>\n<td width=\"23%\">\n<p>08.10.2020<\/p>\n<\/td>\n<td width=\"17%\">\n<p>17:00-20:15<\/p>\n<\/td>\n<td width=\"23%\">\n<p>4<\/p>\n<\/td>\n<td width=\"35%\">\n<p>Ul. Wyszy\u0144skiego 1, sala nr 17, 11-220 G\u00f3rowo I\u0142aweckie<\/p>\n<\/td>\n<\/tr>\n<tr>\n<td width=\"23%\">\n<p>12.10.2020<\/p>\n<\/td>\n<td width=\"17%\">\n<p>17:00-20:15<\/p>\n<\/td>\n<td width=\"23%\">\n<p>4<\/p>\n<\/td>\n<td width=\"35%\">\n<p>Ul. Wyszy\u0144skiego 1, sala nr 17, 11-220 G\u00f3rowo I\u0142aweckie<\/p>\n<\/td>\n<\/tr>\n<tr>\n<td width=\"23%\">\n<p>15.10.2020<\/p>\n<\/td>\n<td width=\"17%\">\n<p>17:00-20:15<\/p>\n<\/td>\n<td width=\"23%\">\n<p>4<\/p>\n<\/td>\n<td width=\"35%\">\n<p>Ul. Wyszy\u0144skiego 1, sala nr 17, 11-220 G\u00f3rowo I\u0142aweckie<\/p>\n<\/td>\n<\/tr>\n<tr>\n<td width=\"23%\">\n<p>19.10.2020<\/p>\n<\/td>\n<td width=\"17%\">\n<p>17:00-20:15<\/p>\n<\/td>\n<td width=\"23%\">\n<p>4<\/p>\n<\/td>\n<td width=\"35%\">\n<p>Ul. Wyszy\u0144skiego 1, sala nr 17, 11-220 G\u00f3rowo I\u0142aweckie<\/p>\n<\/td>\n<\/tr>\n<tr>\n<td width=\"23%\">\n<p>22.10.2020<\/p>\n<\/td>\n<td width=\"17%\">\n<p>17:00-20:15<\/p>\n<\/td>\n<td width=\"23%\">\n<p>4<\/p>\n<\/td>\n<td width=\"35%\">\n<p>Ul. Wyszy\u0144skiego 1, sala nr 17, 11-220 G\u00f3rowo I\u0142aweckie<\/p>\n<\/td>\n<\/tr>\n<tr>\n<td width=\"23%\">\n<p>26.10.2020<\/p>\n<\/td>\n<td width=\"17%\">\n<p>17:00-20:15<\/p>\n<\/td>\n<td width=\"23%\">\n<p>4<\/p>\n<\/td>\n<td width=\"35%\">\n<p>Ul. Wyszy\u0144skiego 1, sala nr 17, 11-220 G\u00f3rowo I\u0142aweckie<\/p>\n<\/td>\n<\/tr>\n<tr>\n<td width=\"23%\">\n<p>29.10.2020<\/p>\n<\/td>\n<td width=\"17%\">\n<p>17:00-20:15<\/p>\n<\/td>\n<td width=\"23%\">\n<p>2<\/p>\n<\/td>\n<td width=\"35%\">\n<p>Ul. Wyszy\u0144skiego 1, sala nr 17, 11-220 G\u00f3rowo I\u0142aweckie<\/p>\n<\/td>\n<\/tr>\n<tr>\n<td width=\"23%\">\n<p>Suma:<\/p>\n<\/td>\n<td width=\"17%\">\u00a0<\/td>\n<td width=\"23%\">\n<p>30<\/p>\n<\/td>\n<td width=\"35%\">\u00a0<\/td>\n<\/tr>\n<\/tbody>\n<\/table>\n\n\n<p><strong>Warsztaty\numiej\u0119tno\u015bci gospodarowania bud\u017cetem domowym<\/strong><\/p>\n\n\n\n<p>W dniach 7-8.09.2020 r. w godzinach 9.00-16.00 odb\u0119d\u0105 si\u0119 warsztaty umiej\u0119tno\u015bci gospodarowania bud\u017cetem domowym. <\/p>\n\n\n\n<p>Tematyka warsztat\u00f3w obejmuje takie\nzagadnienia jak: kontrola wydatk\u00f3w, definiowanie \u017ar\u00f3de\u0142 niekontrolowanych\nwyp\u0142yw\u00f3w, klasyfikacja i funkcje wydatk\u00f3w, oszcz\u0119dzanie na zakupach,\noszcz\u0119dzanie na mediach, op\u0142atach sta\u0142ych, przyk\u0142adowy bud\u017cet domowy, warsztaty\ntworzenia indywidualnych bud\u017cet\u00f3w domowych, kontrola przep\u0142yw\u00f3w got\u00f3wki i jej\nzmienno\u015b\u0107 w czasie, om\u00f3wienie najcz\u0119\u015bciej pope\u0142nianych b\u0142\u0119d\u00f3w w zarz\u0105dzaniu\nbud\u017cetem domowym, r\u00f3\u017cne formy gromadzenia oszcz\u0119dno\u015bci, PPK, obliczanie\nemerytury, unikanie niepotrzebnego zad\u0142u\u017cenia i tzw. \u201echwil\u00f3wek\u201d,\nniebezpiecze\u0144stwo spirali zad\u0142u\u017cenia. <\/p>\n\n\n\n<p>Zaj\u0119cia mia\u0142y miejsce w<\/p>\n\n\n\n<p>Zaj\u0119cia odb\u0119d\u0105 si\u0119 w Zespole Szk\u00f3\u0142 w G\u00f3rowie I\u0142aweckim, przy                                ul. Wyszy\u0144skiego 1 <\/p>\n\n\n\n<p><strong>Warsztaty\nz gospodarowania sob\u0105 w czasie<\/strong><\/p>\n\n\n\n<p>W dniach 24-26.08.2020 r. w godzinach 9.00-16.00 odb\u0119d\u0105 si\u0119 warsztaty z gospodarowania sobie w czasie.<\/p>\n\n\n\n<p>Tematyka obejmuje zagadnienia takie\njak m.in. podzia\u0142 zada\u0144 w czasie, ustalanie listy zada\u0144 i priorytet\u00f3w, cykl\ndnia, delegowanie i przyjmowanie zada\u0144.<\/p>\n\n\n\n<p>Zaj\u0119cia odb\u0119d\u0105 si\u0119 w Zespole Szk\u00f3\u0142 w G\u00f3rowie I\u0142aweckim przy                                                    ul. Wyszy\u0144skiego 1<\/p>\n\n\n\n<p><strong>Warsztaty\nrozwoju osobistego<\/strong><\/p>\n\n\n\n<p>W dniach 17-21.08.2020 r. w godzinach 9.00-16.00 odb\u0119d\u0105 si\u0119 warsztaty rozwoju osobistego.<\/p>\n\n\n\n<p>Tematyka obejmuje zagadnienia takie\njak m.in. umiej\u0119tno\u015bci spo\u0142ecznych, interakcji mi\u0119dzyludzkich, komunikacji\ninterpersonalnej, funkcjonowanie w grupie, umiej\u0119tno\u015bci rozwi\u0105zywania\nproblem\u00f3w, reakcji na stres, motywacja. <\/p>\n\n\n\n<p>Zaj\u0119cia odb\u0119d\u0105 si\u0119 w Zespole Szk\u00f3\u0142 w G\u00f3rowie I\u0142aweckim przy                                         ul. Wyszy\u0144skiego 1.<\/p>\n\n\n<p><!--EndFragment--><\/p>\n\n\n<p><\/p>\n\n\n\n<p><\/p>\n\n\n\n<p><strong>Rekrutacja<\/strong><\/p>\n\n\n\n<p>Serdecznie zapraszamy do udzia\u0142u w drugiej edycji projeku.<\/p>\n\n\n\n<p>Ofertujemy:<\/p>\n\n\n\n<p>Warsztaty rozwoju osobistego<\/p>\n\n\n\n<p>Warsztaty umiej\u0119tno\u015bci gospodarowania bud\u017cetem domowym<\/p>\n\n\n\n<p>Warsztaty z gospodarowania sob\u0105 w czasie<\/p>\n\n\n\n<p>Kursy podnosz\u0105ce kompetencje zawodowej<\/p>\n\n\n\n<p>Sta\u017ce<\/p>\n\n\n\n<p>Dokumenty rekrutacyjne znajduj\u0105 si\u0119 na dole strony. <\/p>\n\n\n\n<p>Dokumenty mo\u017cna r\u00f3wniez otrzyma\u0107 w biurze projektu,  Zesp\u00f3\u0142 Szk\u00f3\u0142, ul. Wyszy\u0144skiego 1, G\u00f3rowo I\u0142aweckie, sala nr 17 .<\/p>\n\n\n\n<p>Dokumenty mo\u017cna sk\u0142ada\u0107 osobi\u015bcie w sali nr 17 w Zespole Szk\u00f3\u0142, ul. Wyszynskiego 17, G\u00f3rowo I\u0142aweckie lub wys\u0142a\u0107 poczt\u0105. <\/p>\n\n\n\n<p><strong>Sta\u017ce<\/strong><\/p>\n\n\n\n<p>Poni\u017cej informujemy o miejscach i\nterminach odbywania sta\u017cy:<\/p>\n\n\n\n<p>F.H.U \u201eBALBINKA\u201d ul. Ratuszowa 12 lok.\n1b, 11-220 G\u00f3rowo I\u0142aweckie, 02.03.2020 \u2013 01.06.2020 r., godz. 7.00 \u2013 15.00<\/p>\n\n\n\n<p>Firma Handlowo-Us\u0142ugowa Teresa\nGigielewicz, ul. 1 Maja 6, 11-220 G\u00f3rowo I\u0142aweckie, 02.03.2020 \u2013 01.06.2020 r.,\ngodz. 7.00 \u2013 15.00<\/p>\n\n\n\n<p><a>Sklep\nOg\u00f3lnobudowlany, ul. Przemys\u0142owa, nr 9a, 11-220, G\u00f3rowo I\u0142aweckie<\/a>, ul. 1\nMaja 6, 11-220 G\u00f3rowo I\u0142aweckie, 02.03.2020 \u2013 01.06.2020 r., godz. 7.00 \u2013 15.00<\/p>\n\n\n\n<p>Restauracja \u201e R\u00f3\u017ca Wiatr\u00f3w\u201d, ul.\nKardyna\u0142a Wyszy\u0144skiego 36, 11-220 G\u00f3rowo I\u0142aweckie, 01.03.2020 \u2013 31.05.2020 r.,\ngodz. 7.00 \u2013 15.00<\/p>\n\n\n\n<p>CARITAS Archidiecezji Warmi\u0144skiej\nCentrum Piel\u0119gniarstwa Rodzinnego STACJA OPIEKI CARITAS, ul. Wyszy\u0144skiego 2,\n11-220 G\u00f3rowo I\u0142aweckie, 01.03.2020 \u2013 31.05.2020 r., godz. 7.00 \u2013 15.00<\/p>\n\n\n\n<p>Urz\u0105d Miasta G\u00f3rowo I\u0142aweckie, 11-220\nG\u00f3rowo I\u0142aweckie ul. Plac Ratuszowy 18, 02.03.2020 \u2013 01.06.2020 r., godz. 7.00\n\u2013 15.00<\/p>\n\n\n\n<p>Bartosz Ziaj\u0142o Us\u0142ugi Budowlane, 1go\nMaja 2\/3, 11-220 G\u00f3rowo I\u0142aweckie, 02.03.2020 \u2013 01.06.2020 r., godz. 7.00 \u2013\n15.00<\/p>\n\n\n\n<p><strong>Kursy<\/strong><\/p>\n\n\n\n<p>&#8211; opiekun os\u00f3b starszych o\nniepe\u0142nosprawnych:<\/p>\n\n\n\n<p>Ul. Wyszy\u0144skiego 2, G\u00f3rowo I\u0142aweckie<\/p>\n\n\n\n<p>17.02 \u2013 godz. 8.00 \u2013 13.00<\/p>\n\n\n\n<p>18.02 \u2013 godz. 8.00 \u2013 13.00<\/p>\n\n\n\n<p>19.02 \u2013 godz. 8.00 \u2013 13.00<\/p>\n\n\n\n<p>20.02 \u2013 godz. 8.00 \u2013 13.00<\/p>\n\n\n\n<p>21.02 \u2013 godz. 8.00 \u2013 13.00<\/p>\n\n\n\n<p>24.02 \u2013 godz. 8.00 \u2013 13.00<\/p>\n\n\n\n<p>25.02 \u2013 godz. 8.00 \u2013 13.00<\/p>\n\n\n\n<p>26.02 \u2013 godz. 8.00 \u2013 13.00<\/p>\n\n\n\n<p>27.02 \u2013 godz. 8.00 \u2013 13.00<\/p>\n\n\n\n<p>28.02 \u2013 godz. 8.00 \u2013 13.00<\/p>\n\n\n\n<p>&#8211; nowoczesny sprzedawca<\/p>\n\n\n\n<p>Ul. Wyszy\u0144skiego 1, G\u00f3rowo I\u0142aweckie<\/p>\n\n\n\n<p>15.02 \u2013 godz. 15.30 \u2013 21.40<\/p>\n\n\n\n<p>16.02 \u2013 godz. 7.00 \u2013 15.20<\/p>\n\n\n\n<p>17.02 \u2013 godz. 14.00 \u2013 20.20<\/p>\n\n\n\n<p>21.02 \u2013 godz. 14.20 \u2013 20.20<\/p>\n\n\n\n<p>22.02 \u2013 godz. 7.00 \u2013 15.20<\/p>\n\n\n\n<p>24.02 \u2013 godz. 10.00 \u2013 20.20<\/p>\n\n\n\n<p>27.02 \u2013 godz. 14.00 \u2013 19.40<\/p>\n\n\n\n<p>01.03 \u2013 godz. 7.00 \u2013 15.20<\/p>\n\n\n\n<p>&#8211; pracownik gospodarczy<\/p>\n\n\n\n<p>Ul. Wyszy\u0144skiego 1, G\u00f3rowo I\u0142aweckie<\/p>\n\n\n\n<p>14.02 \u2013 godz.11.00 \u2013 21.20<\/p>\n\n\n\n<p>16.02 \u2013 godz.15.30 \u2013 21.40<\/p>\n\n\n\n<p>22.02 \u2013 godz.13.30 \u2013 19.40<\/p>\n\n\n\n<p>23.02 \u2013 godz.13.30 \u2013 19.40<\/p>\n\n\n\n<p>29.02 \u2013 godz.7.00 &#8211;&nbsp; 13.20<\/p>\n\n\n\n<p>01.03 \u2013 godz.13.30 \u2013 19.40<\/p>\n\n\n\n<p>&#8211; pomoc kuchenna<\/p>\n\n\n\n<p>Ul. Wyszy\u0144skiego 26, G\u00f3rowo I\u0142aweckie<\/p>\n\n\n\n<p>17.02 \u2013 godz. 8.00 \u2013 13.00<\/p>\n\n\n\n<p>18.02 \u2013 godz. 8.00 \u2013 13.00<\/p>\n\n\n\n<p>19.02 \u2013 godz. 8.00 \u2013 13.00<\/p>\n\n\n\n<p>20.02 \u2013 godz. 8.00 \u2013 13.00<\/p>\n\n\n\n<p>21.02 \u2013 godz. 8.00 \u2013 13.00<\/p>\n\n\n\n<p>24.02 \u2013 godz. 8.00 \u2013 13.00<\/p>\n\n\n\n<p>25.02 \u2013 godz. 8.00 \u2013 13.00<\/p>\n\n\n\n<p>26.02 \u2013 godz. 8.00 \u2013 13.00<\/p>\n\n\n\n<p>27.02 \u2013 godz. 8.00 \u2013 13.00<\/p>\n\n\n\n<p>28.02 \u2013 godz. 8.00 \u2013 13.00<\/p>\n\n\n\n<p><strong>Warsztaty\numiej\u0119tno\u015bci gospodarowania bud\u017cetem domowym<\/strong><\/p>\n\n\n\n<p>W dniach 7-9.01.2020 r. w godzinach\n9.00-16.00 odb\u0119d\u0105 si\u0119 warsztaty umiej\u0119tno\u015bci gospodarowania bud\u017cetem domowym. <\/p>\n\n\n\n<p>Tematyka warsztat\u00f3w obejmuje takie\nzagadnienia jak: kontrola wydatk\u00f3w, definiowanie \u017ar\u00f3de\u0142 niekontrolowanych\nwyp\u0142yw\u00f3w, klasyfikacja i funkcje wydatk\u00f3w, oszcz\u0119dzanie na zakupach,\noszcz\u0119dzanie na mediach, op\u0142atach sta\u0142ych, przyk\u0142adowy bud\u017cet domowy, warsztaty\ntworzenia indywidualnych bud\u017cet\u00f3w domowych, kontrola przep\u0142yw\u00f3w got\u00f3wki i jej\nzmienno\u015b\u0107 w czasie, om\u00f3wienie najcz\u0119\u015bciej pope\u0142nianych b\u0142\u0119d\u00f3w w zarz\u0105dzaniu\nbud\u017cetem domowym, r\u00f3\u017cne formy gromadzenia oszcz\u0119dno\u015bci, PPK, obliczanie\nemerytury, unikanie niepotrzebnego zad\u0142u\u017cenia i tzw. \u201echwil\u00f3wek\u201d,\nniebezpiecze\u0144stwo spirali zad\u0142u\u017cenia. <\/p>\n\n\n\n<p>Zaj\u0119cia mia\u0142y miejsce w<\/p>\n\n\n\n<p>Zaj\u0119cia odb\u0119d\u0105 si\u0119 w Zespole Szk\u00f3\u0142 w G\u00f3rowie I\u0142aweckim, przy                                ul. Wyszy\u0144skiego 1 <\/p>\n\n\n\n<p><strong>Warsztaty\nz gospodarowania sob\u0105 w czasie<\/strong><\/p>\n\n\n\n<p>W dniach 12-13.12.2019 r. w godzinach\n9.00-16.00 odb\u0119d\u0105 si\u0119 warsztaty z gospodarowania sobie w czasie.<\/p>\n\n\n\n<p>Tematyka obejmuje zagadnienia takie\njak m.in. podzia\u0142 zada\u0144 w czasie, ustalanie listy zada\u0144 i priorytet\u00f3w, cykl\ndnia, delegowanie i przyjmowanie zada\u0144.<\/p>\n\n\n\n<p>Zaj\u0119cia odb\u0119d\u0105 si\u0119 w Zespole Szk\u00f3\u0142 w G\u00f3rowie I\u0142aweckim przy                                                    ul. Wyszy\u0144skiego 1<\/p>\n\n\n\n<p><strong>Warsztaty\nrozwoju osobistego<\/strong><\/p>\n\n\n\n<p>W dniach 4-8.12.2019 r. w godzinach\n9.00-16.00odb\u0119d\u0105 si\u0119 warsztaty rozwoju osobistego.<\/p>\n\n\n\n<p>Tematyka obejmuje zagadnienia takie\njak m.in. umiej\u0119tno\u015bci spo\u0142ecznych, interakcji mi\u0119dzyludzkich, komunikacji\ninterpersonalnej, funkcjonowanie w grupie, umiej\u0119tno\u015bci rozwi\u0105zywania\nproblem\u00f3w, reakcji na stres, motywacja. <\/p>\n\n\n\n<p>Zaj\u0119cia odb\u0119d\u0105 si\u0119 w Zespole Szk\u00f3\u0142 w G\u00f3rowie I\u0142aweckim przy                                         ul. Wyszy\u0144skiego 1.<\/p>\n\n\n\n<p><strong>Rozpocz\u0119cie\nudzia\u0142u w projekcie <\/strong><\/p>\n\n\n\n<p>W dniach 28-30.11.2019 r. w godzinach\n8.00-16.00 przeprowadzone zostanie indywidualne doradztwo prowadzone przez\npsychologa (2 godz.\/os.) i doradc\u0119 zawodowego (2 godz.\/os.). Miejsce spotka\u0144:\nZesp\u00f3\u0142 Szk\u00f3\u0142 w G\u00f3rowie I\u0142aweckim, ul. Wyszy\u0144skiego 1.<\/p>\n\n\n\n<p><strong>Rekrutacja<\/strong><\/p>\n\n\n\n<p>Serdecznie zapraszamy do udzia\u0142u w\nprojekcie. <\/p>\n\n\n\n<p>Ofertujemy: <\/p>\n\n\n\n<p>Warsztaty rozwoju osobistego<\/p>\n\n\n\n<p>Warsztaty umiej\u0119tno\u015bci gospodarowania\nbud\u017cetem domowym<\/p>\n\n\n\n<p>Warsztaty z gospodarowania sob\u0105 w\nczasie<\/p>\n\n\n\n<p>Kursy podnosz\u0105ce kompetencje zawodowej<\/p>\n\n\n\n<p>Sta\u017ce <\/p>\n\n\n\n<p><strong>Poni\u017cej do\npobrania dokumenty rekrutacyjne<\/strong><\/p>\n\n\n\n<div class=\"wp-block-file\"><a href=\"http:\/\/peritusidea.com.pl\/wp-content\/uploads\/2020\/06\/SNR_Wz\u00f3r_Formularz_zg\u0142oszeniowy-1.docx\"> Formularz zg\u0142oszeniowy <\/a><a href=\"http:\/\/peritusidea.com.pl\/wp-content\/uploads\/2020\/06\/SNR_Wz\u00f3r_Formularz_zg\u0142oszeniowy-1.docx\" class=\"wp-block-file__button\" download>Pobierz<\/a><\/div>\n\n\n\n<div class=\"wp-block-file\"><a href=\"http:\/\/peritusidea.com.pl\/wp-content\/uploads\/2020\/06\/SNR_Wz\u00f3r_O\u015bwiadczenie_o_przetwarzaniu_danych_osobowych-1.docx\">O\u015bwiadczenie uczestnika projektu dotycz\u0105ce przetwarzania danych osobowych <\/a><a href=\"http:\/\/peritusidea.com.pl\/wp-content\/uploads\/2020\/06\/SNR_Wz\u00f3r_O\u015bwiadczenie_o_przetwarzaniu_danych_osobowych-1.docx\" class=\"wp-block-file__button\" download>Pobierz<\/a><\/div>\n\n\n\n<div class=\"wp-block-file\"><a href=\"http:\/\/peritusidea.com.pl\/wp-content\/uploads\/2020\/06\/SNR_Wz\u00f3r_O\u015bwiadczenie_o_przetwarzaniu_wizerunku.docx\">O\u015bwiadczenie uczestnika projektu o wyra\u017ceniu zgody na wykorzystanie wizerunku <\/a><a href=\"http:\/\/peritusidea.com.pl\/wp-content\/uploads\/2020\/06\/SNR_Wz\u00f3r_O\u015bwiadczenie_o_przetwarzaniu_wizerunku.docx\" class=\"wp-block-file__button\" download>Pobierz<\/a><\/div>\n\n\n\n<div class=\"wp-block-file\"><a href=\"http:\/\/peritusidea.com.pl\/wp-content\/uploads\/2020\/06\/SNR_Wz\u00f3r_O\u015bwiadczenie_o_spe\u0142nieniu_kryteri\u00f3w_grupy_docelowej.docx\">O\u015bwiadczenie o spe\u0142nianiu kryteri\u00f3w grupy docelowej <\/a><a href=\"http:\/\/peritusidea.com.pl\/wp-content\/uploads\/2020\/06\/SNR_Wz\u00f3r_O\u015bwiadczenie_o_spe\u0142nieniu_kryteri\u00f3w_grupy_docelowej.docx\" class=\"wp-block-file__button\" download>Pobierz<\/a><\/div>\n\n\n\n<div class=\"wp-block-file\"><a href=\"http:\/\/peritusidea.com.pl\/wp-content\/uploads\/2020\/06\/SNR_Wz\u00f3r_O\u015bwiadczenie_po_zako\u0144czeniu_projektu.docx\">Zobowi\u0105zanie do przekazania informacji na temat sytuacji po zako\u0144czeniu projektu <\/a><a href=\"http:\/\/peritusidea.com.pl\/wp-content\/uploads\/2020\/06\/SNR_Wz\u00f3r_O\u015bwiadczenie_po_zako\u0144czeniu_projektu.docx\" class=\"wp-block-file__button\" download>Pobierz<\/a><\/div>\n\n\n\n<div class=\"wp-block-file\"><a href=\"http:\/\/peritusidea.com.pl\/wp-content\/uploads\/2020\/06\/SNZ_Wz\u00f3r_Deklaracja_udzia\u0142u_w_projekcie.docx\">Deklaracja uczestnictwa <\/a><a href=\"http:\/\/peritusidea.com.pl\/wp-content\/uploads\/2020\/06\/SNZ_Wz\u00f3r_Deklaracja_udzia\u0142u_w_projekcie.docx\" class=\"wp-block-file__button\" download>Pobierz<\/a><\/div>\n\n\n\n<div class=\"wp-block-file\"><a href=\"http:\/\/peritusidea.com.pl\/wp-content\/uploads\/2020\/06\/SNR_Wz\u00f3r_O\u015bwiadczenie_dla_niepe\u0142nosprawnego.docx\"> Ankieta potrzeb\/usprawnie\u0144 dla os\u00f3b z niepe\u0142nosprawno\u015bciami <\/a><a href=\"http:\/\/peritusidea.com.pl\/wp-content\/uploads\/2020\/06\/SNR_Wz\u00f3r_O\u015bwiadczenie_dla_niepe\u0142nosprawnego.docx\" class=\"wp-block-file__button\" download>Pobierz<\/a><\/div>\n","protected":false},"excerpt":{"rendered":"<p>Harmonogram sta\u017cy Lp. \u00a0 Miejsce odbywania sta\u017cu Termin realizacji sta\u017cu Godziny sta\u017cu 1 Restauracja \u201e R\u00f3\u017ca Wiatr\u00f3w\u201d ul. Kardyna\u0142a Wyszy\u0144skiego 36, 11-220 G\u00f3rowo I\u0142aweckie 01.10.2020-31.12.2020 7.00-15.00 2 Alicja Stupienko GASTRONOMIA ul. Szkolna<a class=\"moretag\" href=\"https:\/\/peritusidea.com.pl\/?page_id=367\">Read More&#8230;<\/a><\/p>\n","protected":false},"author":1,"featured_media":0,"parent":0,"menu_order":0,"comment_status":"closed","ping_status":"closed","template":"","meta":{"footnotes":""},"class_list":["post-367","page","type-page","status-publish","hentry"],"_links":{"self":[{"href":"https:\/\/peritusidea.com.pl\/index.php?rest_route=\/wp\/v2\/pages\/367"}],"collection":[{"href":"https:\/\/peritusidea.com.pl\/index.php?rest_route=\/wp\/v2\/pages"}],"about":[{"href":"https:\/\/peritusidea.com.pl\/index.php?rest_route=\/wp\/v2\/types\/page"}],"author":[{"embeddable":true,"href":"https:\/\/peritusidea.com.pl\/index.php?rest_route=\/wp\/v2\/users\/1"}],"replies":[{"embeddable":true,"href":"https:\/\/peritusidea.com.pl\/index.php?rest_route=%2Fwp%2Fv2%2Fcomments&post=367"}],"version-history":[{"count":8,"href":"https:\/\/peritusidea.com.pl\/index.php?rest_route=\/wp\/v2\/pages\/367\/revisions"}],"predecessor-version":[{"id":459,"href":"https:\/\/peritusidea.com.pl\/index.php?rest_route=\/wp\/v2\/pages\/367\/revisions\/459"}],"wp:attachment":[{"href":"https:\/\/peritusidea.com.pl\/index.php?rest_route=%2Fwp%2Fv2%2Fmedia&parent=367"}],"curies":[{"name":"wp","href":"https:\/\/api.w.org\/{rel}","templated":true}]}}