{"id":35,"date":"2015-10-06T08:40:48","date_gmt":"2015-10-06T06:40:48","guid":{"rendered":"http:\/\/peritusidea.com.pl\/?page_id=35"},"modified":"2016-11-09T12:01:41","modified_gmt":"2016-11-09T11:01:41","slug":"consulting","status":"publish","type":"page","link":"https:\/\/peritusidea.com.pl\/?page_id=35","title":{"rendered":"Consulting"},"content":{"rendered":"<h3>Consulting pomaga w budowaniu strategii rozwoju i pokonywaniu barier.<\/h3>\n<p>Firma Peritus opracowuje wachlarz mo\u017cliwo\u015bci i rozwi\u0105za\u0144 z zakresu zarz\u0105dzania lud\u017ami, przedsi\u0119biorczo\u015bci, wsp\u00f3\u0142pracy mi\u0119dzykulturowej, ochrony prawnej, zarz\u0105dzania i dywersyfikacji ryzyka i realizacji projekt\u00f3w dla \u015brodowiska naturalnego.<\/p>\n","protected":false},"excerpt":{"rendered":"<p>Consulting pomaga w budowaniu strategii rozwoju i pokonywaniu barier. Firma Peritus opracowuje wachlarz mo\u017cliwo\u015bci i rozwi\u0105za\u0144 z zakresu zarz\u0105dzania lud\u017ami, przedsi\u0119biorczo\u015bci, wsp\u00f3\u0142pracy mi\u0119dzykulturowej, ochrony prawnej, zarz\u0105dzania i dywersyfikacji ryzyka i realizacji projekt\u00f3w<a class=\"moretag\" href=\"https:\/\/peritusidea.com.pl\/?page_id=35\">Read More&#8230;<\/a><\/p>\n","protected":false},"author":1,"featured_media":0,"parent":0,"menu_order":0,"comment_status":"closed","ping_status":"closed","template":"","meta":{"footnotes":""},"class_list":["post-35","page","type-page","status-publish","hentry"],"_links":{"self":[{"href":"https:\/\/peritusidea.com.pl\/index.php?rest_route=\/wp\/v2\/pages\/35"}],"collection":[{"href":"https:\/\/peritusidea.com.pl\/index.php?rest_route=\/wp\/v2\/pages"}],"about":[{"href":"https:\/\/peritusidea.com.pl\/index.php?rest_route=\/wp\/v2\/types\/page"}],"author":[{"embeddable":true,"href":"https:\/\/peritusidea.com.pl\/index.php?rest_route=\/wp\/v2\/users\/1"}],"replies":[{"embeddable":true,"href":"https:\/\/peritusidea.com.pl\/index.php?rest_route=%2Fwp%2Fv2%2Fcomments&post=35"}],"version-history":[{"count":4,"href":"https:\/\/peritusidea.com.pl\/index.php?rest_route=\/wp\/v2\/pages\/35\/revisions"}],"predecessor-version":[{"id":139,"href":"https:\/\/peritusidea.com.pl\/index.php?rest_route=\/wp\/v2\/pages\/35\/revisions\/139"}],"wp:attachment":[{"href":"https:\/\/peritusidea.com.pl\/index.php?rest_route=%2Fwp%2Fv2%2Fmedia&parent=35"}],"curies":[{"name":"wp","href":"https:\/\/api.w.org\/{rel}","templated":true}]}}