{"id":33,"date":"2015-10-06T08:39:59","date_gmt":"2015-10-06T06:39:59","guid":{"rendered":"http:\/\/peritusidea.com.pl\/?page_id=33"},"modified":"2016-11-09T12:02:55","modified_gmt":"2016-11-09T11:02:55","slug":"szkolenia","status":"publish","type":"page","link":"https:\/\/peritusidea.com.pl\/?page_id=33","title":{"rendered":"Szkolenia i warsztaty"},"content":{"rendered":"<div class=\"item-page\">\n<h3><\/h3>\n<p>Oferujemy przeprowadzenie warsztat\u00f3w w nast\u0119puj\u0105cym zakresie:<\/p>\n<p>\u2022\u00a0\u00a0\u00a0 Planowanie bud\u017cetu domowego<\/p>\n<p>\u2022\u00a0\u00a0\u00a0 Szko\u0142a rodzica<\/p>\n<p>\u2022\u00a0\u00a0\u00a0 Radzenie sobie ze stresem<\/p>\n<p>\u2022\u00a0\u00a0\u00a0 Zarz\u0105dzanie sob\u0105 w czasie<\/p>\n<p>\u2022\u00a0\u00a0\u00a0 Negocjacje problemowe<\/p>\n<p>\u2022\u00a0\u00a0\u00a0 Rozwi\u0105zywanie konflikt\u00f3w i mediacje w zespole<\/p>\n<p>\u2022\u00a0\u00a0\u00a0 Mediacje spo\u0142eczne, pracownicze, lokalne i mi\u0119dzykulturowe<\/p>\n<p>\u2022\u00a0\u00a0\u00a0 Tw\u00f3rcze rozwi\u0105zywanie problem\u00f3w<\/p>\n<p>\u2022\u00a0\u00a0\u00a0 Wsp\u00f3\u0142praca w zespole<\/p>\n<p>\u2022\u00a0\u00a0\u00a0 Podejmowanie decyzji<\/p>\n<p>\u2022\u00a0\u00a0\u00a0 Komunikacja<\/p>\n<p>\u2022\u00a0\u00a0\u00a0 Asertywno\u015b\u0107<\/p>\n<p>\u2022\u00a0\u00a0\u00a0 R\u00f3wno\u015b\u0107 szans kobiet i m\u0119\u017cczyzn<\/p>\n<p>\u2022\u00a0\u00a0\u00a0 Pozyskiwanie \u015brodk\u00f3w na inicjatywy lokalne<\/p>\n<p>\u2022\u00a0\u00a0\u00a0 Warsztaty aktywizacji zawodowej<\/p>\n<p>&nbsp;<\/p>\n<p>Szkolenia i warsztaty prowadzimy w spos\u00f3b dostosowany do potrzeb i mo\u017cliwo\u015bci s\u0142uchaczy wykorzystuj\u0105c r\u00f3\u017cne metody pracy. Ka\u017cdej takiej us\u0142udze mog\u0105 towarzyszy\u0107 tak\u017ce dodatkowe konsultacje poszkoleniowe lub kontrolne.<\/p>\n<\/div>\n<p>&nbsp;<\/p>\n","protected":false},"excerpt":{"rendered":"<p>Oferujemy przeprowadzenie warsztat\u00f3w w nast\u0119puj\u0105cym zakresie: \u2022\u00a0\u00a0\u00a0 Planowanie bud\u017cetu domowego \u2022\u00a0\u00a0\u00a0 Szko\u0142a rodzica \u2022\u00a0\u00a0\u00a0 Radzenie sobie ze stresem \u2022\u00a0\u00a0\u00a0 Zarz\u0105dzanie sob\u0105 w czasie \u2022\u00a0\u00a0\u00a0 Negocjacje problemowe \u2022\u00a0\u00a0\u00a0 Rozwi\u0105zywanie konflikt\u00f3w i mediacje w<a class=\"moretag\" href=\"https:\/\/peritusidea.com.pl\/?page_id=33\">Read More&#8230;<\/a><\/p>\n","protected":false},"author":1,"featured_media":0,"parent":0,"menu_order":0,"comment_status":"closed","ping_status":"closed","template":"","meta":{"footnotes":""},"class_list":["post-33","page","type-page","status-publish","hentry"],"_links":{"self":[{"href":"https:\/\/peritusidea.com.pl\/index.php?rest_route=\/wp\/v2\/pages\/33"}],"collection":[{"href":"https:\/\/peritusidea.com.pl\/index.php?rest_route=\/wp\/v2\/pages"}],"about":[{"href":"https:\/\/peritusidea.com.pl\/index.php?rest_route=\/wp\/v2\/types\/page"}],"author":[{"embeddable":true,"href":"https:\/\/peritusidea.com.pl\/index.php?rest_route=\/wp\/v2\/users\/1"}],"replies":[{"embeddable":true,"href":"https:\/\/peritusidea.com.pl\/index.php?rest_route=%2Fwp%2Fv2%2Fcomments&post=33"}],"version-history":[{"count":3,"href":"https:\/\/peritusidea.com.pl\/index.php?rest_route=\/wp\/v2\/pages\/33\/revisions"}],"predecessor-version":[{"id":142,"href":"https:\/\/peritusidea.com.pl\/index.php?rest_route=\/wp\/v2\/pages\/33\/revisions\/142"}],"wp:attachment":[{"href":"https:\/\/peritusidea.com.pl\/index.php?rest_route=%2Fwp%2Fv2%2Fmedia&parent=33"}],"curies":[{"name":"wp","href":"https:\/\/api.w.org\/{rel}","templated":true}]}}