{"id":169,"date":"2017-04-05T21:57:33","date_gmt":"2017-04-05T19:57:33","guid":{"rendered":"http:\/\/peritusidea.com.pl\/?page_id=169"},"modified":"2020-01-16T13:23:33","modified_gmt":"2020-01-16T12:23:33","slug":"wsparcie-osob-niewidomych-i-niedowidzacych-i-ich-rodzin-na-terenie-wojewodztwa-warminsko-mazurskiego","status":"publish","type":"page","link":"https:\/\/peritusidea.com.pl\/?page_id=169","title":{"rendered":"Wsparcie os\u00f3b niewidomych i niedowidz\u0105cych i ich rodzin na terenie wojew\u00f3dztwa warmi\u0144sko-mazurskiego"},"content":{"rendered":"<p><img loading=\"lazy\" decoding=\"async\" class=\"alignnone size-full wp-image-183\" src=\"http:\/\/peritusidea.com.pl\/wp-content\/uploads\/2017\/04\/poziom_polskie_kolor-1.jpg\" alt=\"\" width=\"1894\" height=\"245\" \/><\/p>\n<p>Polski Zwi\u0105zek Niewidomych Okr\u0119g Warmi\u0144sko &#8211; Mazurski\u00a0wraz z firm\u0105 Peritus zaprasza do udzia\u0142u w projekcie osoby niewidome i niedowidz\u0105ce z terenu wojew\u00f3dztwa warmi\u0144sko \u2013 mazurskiego (z wy\u0142\u0105czeniem Olsztyna i gmin przyleg\u0142ych) w wieku 15 \u2013 64 lat wraz z rodzinami.<\/p>\n<p>Projekt \u201eWsparcie os\u00f3b niewidomych i niedowidz\u0105cych\u201d realizowany b\u0119dzie w okresie od kwietnia\u00a02017 roku do pa\u017adziernika 2020 roku. W ramach projektu uczestnicy b\u0119d\u0105 mogli skorzysta\u0107 z:<\/p>\n<ul>\n<li>spotka\u0144 grup samopomocowych &#8211; spotkania maj\u0105ce na celu wsp\u00f3lne sp\u0119dzanie czasu, czytanie ksi\u0105\u017cek, \u015bpiewanie, wyj\u015bcia do kin i na basen, spotkania np. z lekarzami, rehabilitantmami czy dietetykami itp.<\/li>\n<li>doradztwa specjalistycznego w tym spotkania z okulist\u0105, prawnikiem, psychologiem, dietetykiem, diabetolologiem, tyflopedagogiem,<\/li>\n<li>warsztat\u00f3w z florystyki,\u00a0wiza\u017cu, kuchennych i carvingu, r\u0119kodzie\u0142a oraz zdrowego \u017cywienia,<\/li>\n<li>warsztat\u00f3w autoprezentacji, metod poszukiwania pracy, obs\u0142ugi komputer\u00f3w i sprz\u0119tu elektronicznego, organizacji czasu wolnego, gospodarowania bud\u017cetem domowym,<\/li>\n<li>wyjazd\u00f3w rodzinnych w trakcie kt\u00f3rych b\u0119d\u0105 prowadzone r\u00f3\u017cnego rodzaju warsztaty oraz szkolenia.<\/li>\n<\/ul>\n<p>Warto\u015b\u0107 projektu og\u00f3\u0142em: 4 824 836,50 z\u0142<br \/>\nWk\u0142ad Unii Europejskiej: 4 101 111,03 z\u0142<\/p>\n<p>W celu uzyskania dodatkowych informacji i zg\u0142aszania swojego udzia\u0142u w projekcie prosimy o kontakt:<\/p>\n<p>Polski Zwi\u0105zek Niewidomych Okr\u0119g Warmi\u0144sko &#8211; Mazurski<br \/>\nul. Mickiewicza 17\/3 10-508 Olsztyn<\/p>\n<p>telefon: 89 527-54-30<br \/>\ne-mail: pzn@go2.pl<br \/>\nwww:\u00a0<a href=\"http:\/\/www.pznolsztyn.pl\/?s=projekt&amp;PHPSESSID=0ee17bd6dc52d616a31c016dd006ac8f\">www.pznolsztyn.pl<\/a><\/p>\n<p>UDZIA\u0141 W PROJEKCIE JEST BEZP\u0141ATNY<\/p>\n<p>&nbsp;<\/p>\n","protected":false},"excerpt":{"rendered":"<p>Polski Zwi\u0105zek Niewidomych Okr\u0119g Warmi\u0144sko &#8211; Mazurski\u00a0wraz z firm\u0105 Peritus zaprasza do udzia\u0142u w projekcie osoby niewidome i niedowidz\u0105ce z terenu wojew\u00f3dztwa warmi\u0144sko \u2013 mazurskiego (z wy\u0142\u0105czeniem Olsztyna i gmin przyleg\u0142ych) w<a class=\"moretag\" href=\"https:\/\/peritusidea.com.pl\/?page_id=169\">Read More&#8230;<\/a><\/p>\n","protected":false},"author":1,"featured_media":0,"parent":0,"menu_order":0,"comment_status":"closed","ping_status":"closed","template":"","meta":{"footnotes":""},"class_list":["post-169","page","type-page","status-publish","hentry"],"_links":{"self":[{"href":"https:\/\/peritusidea.com.pl\/index.php?rest_route=\/wp\/v2\/pages\/169"}],"collection":[{"href":"https:\/\/peritusidea.com.pl\/index.php?rest_route=\/wp\/v2\/pages"}],"about":[{"href":"https:\/\/peritusidea.com.pl\/index.php?rest_route=\/wp\/v2\/types\/page"}],"author":[{"embeddable":true,"href":"https:\/\/peritusidea.com.pl\/index.php?rest_route=\/wp\/v2\/users\/1"}],"replies":[{"embeddable":true,"href":"https:\/\/peritusidea.com.pl\/index.php?rest_route=%2Fwp%2Fv2%2Fcomments&post=169"}],"version-history":[{"count":7,"href":"https:\/\/peritusidea.com.pl\/index.php?rest_route=\/wp\/v2\/pages\/169\/revisions"}],"predecessor-version":[{"id":378,"href":"https:\/\/peritusidea.com.pl\/index.php?rest_route=\/wp\/v2\/pages\/169\/revisions\/378"}],"wp:attachment":[{"href":"https:\/\/peritusidea.com.pl\/index.php?rest_route=%2Fwp%2Fv2%2Fmedia&parent=169"}],"curies":[{"name":"wp","href":"https:\/\/api.w.org\/{rel}","templated":true}]}}