{"id":149,"date":"2016-11-17T09:29:53","date_gmt":"2016-11-17T08:29:53","guid":{"rendered":"http:\/\/peritusidea.com.pl\/?page_id=149"},"modified":"2016-11-17T09:31:13","modified_gmt":"2016-11-17T08:31:13","slug":"plany-i-strategie","status":"publish","type":"page","link":"https:\/\/peritusidea.com.pl\/?page_id=149","title":{"rendered":"Plany i strategie"},"content":{"rendered":"<p>\u015awiadczymy us\u0142ugi w zakresie sporz\u0105dzania plan\u00f3w oraz strategii rozwojowych zar\u00f3wno na potrzeby samorz\u0105d\u00f3w jak i podmiot\u00f3w gospodarczych. Pomagamy naszym Klientom okre\u015bli\u0107 cele strategiczne oraz sposoby ich realizacji, pozwalaj\u0105ce na sp\u00f3jne realizowanie bie\u017c\u0105cych zada\u0144 oraz d\u0142ugofalowy rozw\u00f3j.<\/p>\n<p>Wykonujemy nast\u0119puj\u0105ce opracowania dla jednostek samorz\u0105dowych:<\/p>\n<ul>\n<li id=\"liplan01\">\u00a0<strong>Strategia rozwoju<\/strong> &#8211; ujmuje g\u0142\u00f3wne cele i uwarunkowania rozwoju danej jednostki samorz\u0105du terytorialnego w horyzoncie 10 &#8211; 15 lat, w zmieniaj\u0105cych si\u0119 uwarunkowaniach wewn\u0119trznych i zewn\u0119trznych, przy czynnym uczestnictwie os\u00f3b oraz instytucji publicznych i prywatnych, kt\u00f3re pomagaj\u0105 w stworzeniu najlepszej strategii oraz s\u0105 wa\u017cnymi uczestnikami jej realizacji. Strategia rozwoju jest programowaniem przysz\u0142ych dzia\u0142a\u0144. Jej istot\u0105 jest hierarchizacja cel\u00f3w, poniewa\u017c nigdy nie ma mo\u017cliwo\u015bci realizacji wszystkich potrzeb. W pierwszym rz\u0119dzie nale\u017cy wi\u0119c realizowa\u0107 cele u\u0142atwiaj\u0105ce przysz\u0142y rozw\u00f3j.<\/li>\n<li id=\"liplan02\">\u00a0<strong>Plan rozwoju lokalnego<\/strong> &#8211; kluczowe narz\u0119dzie wspieraj\u0105ce zarz\u0105dzanie na poziomie samorz\u0105du. Okre\u015bla strategi\u0119 spo\u0142eczno-gospodarcz\u0105 jednostki samorz\u0105dowej, wskazuje cele i kierunki zaanga\u017cowania \u015brodk\u00f3w z funduszy unijnych, krajowych lub w\u0142asnych. Wyznacza on nie tylko og\u00f3lne cele (jak w przypadku strategii) lecz konkretne zadania, terminy realizacji, sposoby finansowania.<\/li>\n<li><strong>Wieloletni plan inwestycyjny<\/strong> &#8211; dokument zawieraj\u0105cy list\u0119 zada\u0144 inwestycyjnych przewidzianych do realizacji, wraz z harmonogramem rzeczowym i schematem ich finansowania w rozbiciu na poszczeg\u00f3lne lata (4-6 lat). Hierarchia zada\u0144 inwestycyjnych okre\u015blonych w WPI wynika z zastosowania kryteri\u00f3w zawartych w strategii jednostki realizuj\u0105cej WPI. Plan ten jest podstaw\u0105 przygotowania inwestycyjnej cz\u0119\u015bci bud\u017cetu w danym roku. Zapewnia on, \u017ce \u015brodki na projekty s\u0142u\u017c\u0105ce realizacji inwestycji strategicznych b\u0119d\u0105 zagwarantowane w perspektywie wieloletniej.<\/li>\n<\/ul>\n<p>Opracowania sporz\u0105dzane na rzecz przedsi\u0119biorc\u00f3w:<\/p>\n<ul>\n<li id=\"liplan04\"><strong>Strategia rozwoju<\/strong> &#8211; obejmuje wszystkie obszary funkcjonowania przedsi\u0119biorstwa (m.in. strategi\u0119 produktowo-rynkow\u0105, marketingow\u0105, finansow\u0105, system organizacji i zarz\u0105dzania). Strategia definiuje kierunki rozwoju przedsi\u0119biorstwa oraz kluczowe kompetencje niezb\u0119dne do ich osi\u0105gni\u0119cia, okre\u015bla przejrzyst\u0105 struktur\u0119 prowadzonej dzia\u0142alno\u015bci, zapewnia sp\u00f3jno\u015b\u0107 dzia\u0142a\u0144 na poziomie strategicznym i operacyjnym.<\/li>\n<li><strong>Strategia marketingowa<\/strong> &#8211; obejmuje analiz\u0119 sytuacji marketingowej w przedsi\u0119biorstwie oraz program strategicznych dzia\u0142a\u0144 marketingowych. Jest ona jednym z najwa\u017cniejszych element\u00f3w og\u00f3lnej strategii przedsi\u0119biorstwa. Sporz\u0105dzenie strategii marketingowej jest zasadne dla wszystkich firm, kt\u00f3re w spos\u00f3b \u015bwiadomy i konsekwentny chc\u0105 budowa\u0107 swoj\u0105 pozycj\u0119 rynkow\u0105.<\/li>\n<li><strong>Plan marketingowy<\/strong> &#8211; gwarantuje dob\u00f3r najskuteczniejszych dzia\u0142a\u0144 marketingowych, adekwatnych do potrzeb i potencja\u0142u finansowego, umo\u017cliwia racjonalne zaplanowanie koszt\u00f3w marketingu i rzeteln\u0105 ocen\u0119 ich efektywno\u015bci. Plan jest sporz\u0105dzany g\u0142\u00f3wnie na zlecenie tych Klient\u00f3w, kt\u00f3rzy wprowadzaj\u0105 na rynek nowe produkty lub us\u0142ugi czy te\u017c rozpoczynaj\u0105 nowy rodzaj dzia\u0142alno\u015bci.<\/li>\n<li><strong>Strategie pozyskania kapita\u0142u<\/strong> &#8211; analiza potencjalnych mo\u017cliwo\u015bci pozyskania kapita\u0142u, kt\u00f3ra obejmie propozycj\u0119 strategii jego uzyskania dla konkretnego przedsi\u0119wzi\u0119cia Klienta.<\/li>\n<\/ul>\n","protected":false},"excerpt":{"rendered":"<p>\u015awiadczymy us\u0142ugi w zakresie sporz\u0105dzania plan\u00f3w oraz strategii rozwojowych zar\u00f3wno na potrzeby samorz\u0105d\u00f3w jak i podmiot\u00f3w gospodarczych. Pomagamy naszym Klientom okre\u015bli\u0107 cele strategiczne oraz sposoby ich realizacji, pozwalaj\u0105ce na sp\u00f3jne realizowanie bie\u017c\u0105cych<a class=\"moretag\" href=\"https:\/\/peritusidea.com.pl\/?page_id=149\">Read More&#8230;<\/a><\/p>\n","protected":false},"author":1,"featured_media":0,"parent":0,"menu_order":0,"comment_status":"closed","ping_status":"closed","template":"","meta":{"footnotes":""},"class_list":["post-149","page","type-page","status-publish","hentry"],"_links":{"self":[{"href":"https:\/\/peritusidea.com.pl\/index.php?rest_route=\/wp\/v2\/pages\/149"}],"collection":[{"href":"https:\/\/peritusidea.com.pl\/index.php?rest_route=\/wp\/v2\/pages"}],"about":[{"href":"https:\/\/peritusidea.com.pl\/index.php?rest_route=\/wp\/v2\/types\/page"}],"author":[{"embeddable":true,"href":"https:\/\/peritusidea.com.pl\/index.php?rest_route=\/wp\/v2\/users\/1"}],"replies":[{"embeddable":true,"href":"https:\/\/peritusidea.com.pl\/index.php?rest_route=%2Fwp%2Fv2%2Fcomments&post=149"}],"version-history":[{"count":1,"href":"https:\/\/peritusidea.com.pl\/index.php?rest_route=\/wp\/v2\/pages\/149\/revisions"}],"predecessor-version":[{"id":150,"href":"https:\/\/peritusidea.com.pl\/index.php?rest_route=\/wp\/v2\/pages\/149\/revisions\/150"}],"wp:attachment":[{"href":"https:\/\/peritusidea.com.pl\/index.php?rest_route=%2Fwp%2Fv2%2Fmedia&parent=149"}],"curies":[{"name":"wp","href":"https:\/\/api.w.org\/{rel}","templated":true}]}}