{"id":144,"date":"2016-11-17T09:24:57","date_gmt":"2016-11-17T08:24:57","guid":{"rendered":"http:\/\/peritusidea.com.pl\/?page_id=144"},"modified":"2016-11-17T09:45:35","modified_gmt":"2016-11-17T08:45:35","slug":"fundusze-wuropejskie","status":"publish","type":"page","link":"https:\/\/peritusidea.com.pl\/?page_id=144","title":{"rendered":"Fundusze europejskie"},"content":{"rendered":"<div id=\"columnleftpage\" class=\"w600\">\n<p class=\"akapit\">Firma Peritus posiada bogate do\u015bwiadczenie w pozyskiwaniu \u015brodk\u00f3w zewn\u0119trznych (m.in. z program\u00f3w regionalnych, og\u00f3lnopolskich, krajowych, europejskich).\u00a0Oferujemy\u00a0profesjonaln\u0105 obs\u0142ug\u0119 w zakresie funduszy dla:<\/p>\n<ul class=\"ultxt\">\n<li>Przedsi\u0119biorstw (Mikro-, Ma\u0142ych, \u015arednich oraz Du\u017cych)<\/li>\n<li>Instytucji otoczenia biznesu<\/li>\n<li>Sp\u00f3\u0142ek Miejskich<\/li>\n<li>Jednostek Samorz\u0105du Terytorialnego<\/li>\n<li>Jednostek naukowych i szk\u00f3\u0142<\/li>\n<li>Instytucji kultury<\/li>\n<li>Zak\u0142ad\u00f3w opieki zdrowotnej<\/li>\n<li>Ko\u015bcio\u0142\u00f3w i zwi\u0105zk\u00f3w wyznaniowych<\/li>\n<li>Park\u00f3w narodowych i krajobrazowych<\/li>\n<li>Organizacji non-profit<\/li>\n<li>Os\u00f3b fizycznych<\/li>\n<\/ul>\n<p class=\"akapit\">Oferujemy kompleksow\u0105 obs\u0142ug\u0119 procesu inwestycyjnego, w tym:<\/p>\n<\/div>\n<ul class=\"ultxt\">\n<li>identyfikacja i dopasowanie odpowiednich program\u00f3w do indywidualnych potrzeb Beneficjenta<\/li>\n<li>pe\u0142ne wsparcie informacyjne w zakresie zasad funkcjonowania i otrzymywania \u015brodk\u00f3w pomocowych<\/li>\n<li>weryfikacja kszta\u0142tu projektu pod k\u0105tem ramowych wytycznych odpowiedniego programu pomocowego (harmonogram, zakres prac, kwalifikacja koszt\u00f3w) tak, aby zwi\u0119kszy\u0107 prawdopodobie\u0144stwo pozyskania dotacji<\/li>\n<li>opracowanie i sk\u0142adanie wniosk\u00f3w o udzielenie dotacji wraz z niezb\u0119dnymi za\u0142\u0105cznikami do krajowych i mi\u0119dzynarodowych instytucji finansuj\u0105cych<\/li>\n<\/ul>\n<p>Podstawowym wymogiem przy ubieganiu si\u0119 o finansowanie przedsi\u0119wzi\u0119\u0107 przy wsparciu z funduszy pomocowych jest prawid\u0142owe opracowanie wniosku wraz z niezb\u0119dnymi za\u0142\u0105cznikami, spe\u0142niaj\u0105cego wszystkie niezb\u0119dne wymagania formalne i merytoryczne. W spos\u00f3b profesjonalny sporz\u0105dzamy dokumenty wymagane na wszystkich etapach procedury pozyskiwania \u015brodk\u00f3w Unii Europejskiej czy program\u00f3w krajowych, og\u00f3lnopolskich, regionalnych tj.:<\/p>\n<ul class=\"ultxt\">\n<li>fiszki projektowe\/karty projektu<\/li>\n<li>wnioski aplikacyjne<\/li>\n<li>studia wykonalno\u015bci<\/li>\n<li>raporty oddzia\u0142ywania inwestycji na \u015brodowisko<\/li>\n<li>dokumentacje przetargowe<\/li>\n<li>raporty rozliczeniowe<\/li>\n<li>plany rozwoju lokalnego<\/li>\n<li>wieloletnie plany inwestycyjne<\/li>\n<\/ul>\n<p class=\"akapit\">Gwarantujemy profesjonalne i szybkie wykonanie dokumentacji zgodnej ze wszystkimi standardami i procedurami wymaganymi przez Uni\u0119 Europejsk\u0105 i instytucje wdra\u017caj\u0105ce poszczeg\u00f3lne programy pomocowe. Wychodzimy naprzeciw wszystkim tym, dla kt\u00f3rych rozw\u00f3j i ch\u0119\u0107 poszerzenia horyzont\u00f3w s\u0105 najwa\u017cniejsze.<\/p>\n","protected":false},"excerpt":{"rendered":"<p>Firma Peritus posiada bogate do\u015bwiadczenie w pozyskiwaniu \u015brodk\u00f3w zewn\u0119trznych (m.in. z program\u00f3w regionalnych, og\u00f3lnopolskich, krajowych, europejskich).\u00a0Oferujemy\u00a0profesjonaln\u0105 obs\u0142ug\u0119 w zakresie funduszy dla: Przedsi\u0119biorstw (Mikro-, Ma\u0142ych, \u015arednich oraz Du\u017cych) Instytucji otoczenia biznesu Sp\u00f3\u0142ek Miejskich<a class=\"moretag\" href=\"https:\/\/peritusidea.com.pl\/?page_id=144\">Read More&#8230;<\/a><\/p>\n","protected":false},"author":1,"featured_media":0,"parent":0,"menu_order":0,"comment_status":"closed","ping_status":"closed","template":"","meta":{"footnotes":""},"class_list":["post-144","page","type-page","status-publish","hentry"],"_links":{"self":[{"href":"https:\/\/peritusidea.com.pl\/index.php?rest_route=\/wp\/v2\/pages\/144"}],"collection":[{"href":"https:\/\/peritusidea.com.pl\/index.php?rest_route=\/wp\/v2\/pages"}],"about":[{"href":"https:\/\/peritusidea.com.pl\/index.php?rest_route=\/wp\/v2\/types\/page"}],"author":[{"embeddable":true,"href":"https:\/\/peritusidea.com.pl\/index.php?rest_route=\/wp\/v2\/users\/1"}],"replies":[{"embeddable":true,"href":"https:\/\/peritusidea.com.pl\/index.php?rest_route=%2Fwp%2Fv2%2Fcomments&post=144"}],"version-history":[{"count":5,"href":"https:\/\/peritusidea.com.pl\/index.php?rest_route=\/wp\/v2\/pages\/144\/revisions"}],"predecessor-version":[{"id":158,"href":"https:\/\/peritusidea.com.pl\/index.php?rest_route=\/wp\/v2\/pages\/144\/revisions\/158"}],"wp:attachment":[{"href":"https:\/\/peritusidea.com.pl\/index.php?rest_route=%2Fwp%2Fv2%2Fmedia&parent=144"}],"curies":[{"name":"wp","href":"https:\/\/api.w.org\/{rel}","templated":true}]}}